{"id":4290,"date":"2020-10-07T12:21:33","date_gmt":"2020-10-07T11:21:33","guid":{"rendered":"https:\/\/www.ingetecsa.com\/machines\/"},"modified":"2025-12-31T00:40:08","modified_gmt":"2025-12-30T23:40:08","slug":"machines","status":"publish","type":"page","link":"https:\/\/www.ingetecsa.com\/fr\/machines\/","title":{"rendered":"Machines"},"content":{"rendered":"<p>Notre programme propose une large gamme de technologies de s\u00e9chage et de refroidissement: S\u00e9cheurs, refroidisseurs, notre m\u00e9langeur\/granulateur\/r\u00e9acteur. Nous concevons et fournissons les \u00e9l\u00e9ments de votre proc\u00e9d\u00e9 thermique \u00e0 l\u2019attention des industries min\u00e9rales, alimentaires et chimiques.<\/p>\n<p>Et ce, que vous soyez confront\u00e9s \u00e0 des contraintes d\u2019espace d&rsquo;installation ou \u00e0 un agencement sp\u00e9cifique de votre hall d\u2019usine, par exemple. Ou encore \u00e0 une forme finale bien d\u00e9termin\u00e9e du produit que vous devez fabriquer, par exemple une certaine taille, un diam\u00e8tre de granulation ou des dimensions de flocons bien d\u00e9termin\u00e9s. Ou que vous souhaitiez abaisser vos co\u00fbts de production. La plupart de nos clients ont des exigences sp\u00e9cifiques \u00e0 rencontrer. C\u2019est la raison pour laquelle nous sommes convaincus que la phase d&rsquo;ing\u00e9nierie constitue une \u00e9tape cruciale.<br \/>\nNous mettons un point d&rsquo;honneur \u00e0 concr\u00e9tiser vos desiderata.<\/p>\n<p>Nos machines sont faciles \u00e0 adapter pour r\u00e9pondre \u00e0 vos besoins. Gr\u00e2ce \u00e0 notre assortiment de technologies de pointe pour le s\u00e9chage et le refroidissement, nous avons la solution qu&rsquo;il faut pour n\u2019importe quelle application. Toutes sont pr\u00eates \u00e0 faire le travail.<\/p>\n<p>D\u00e9couvrez quelles solutions nous pouvons vous offrir pour vos processus.<br \/>\nSi vous souhaitez en savoir plus, n\u2019h\u00e9sitez pas \u00e0 <a href=\"https:\/\/www.ingetecsa.com\/fr\/contact\/\"><strong>nous contacter<\/strong><\/a>.<\/p>\n<p><a href=\"https:\/\/www.ingetecsa.es\"><img loading=\"lazy\" decoding=\"async\" class=\"alignright wp-image-4992\" src=\"https:\/\/www.ingetecsa.com\/contenido\/subidas\/2020\/10\/download-button-white.png\" alt=\"drying dryer cooling cooler\" width=\"1\" height=\"1\" \/><\/a><\/p>\n","protected":false},"excerpt":{"rendered":"Notre programme propose une large gamme de technologies de s\u00e9chage et de refroidissement: S\u00e9cheurs, refroidisseurs, notre m\u00e9langeur\/granulateur\/r\u00e9acteur. Nous concevons et fournissons les \u00e9l\u00e9ments de votre proc\u00e9d\u00e9 thermique \u00e0 l\u2019attention des industries min\u00e9rales, alimentaires et chimiques. Et ce, que vous soyez confront\u00e9s \u00e0 des contraintes d\u2019espace d&rsquo;installation ou \u00e0 un agencement sp\u00e9cifique de votre hall d\u2019usine, [&hellip;]","protected":false},"author":5,"featured_media":4292,"parent":0,"menu_order":0,"comment_status":"closed","ping_status":"closed","template":"templates\/template-archive-machines.php","meta":{"_acf_changed":false,"footnotes":""},"class_list":["post-4290","page","type-page","status-publish","has-post-thumbnail","hentry"],"acf":[],"yoast_head":"<!-- This site is optimized with the Yoast SEO plugin v27.2 - https:\/\/yoast.com\/product\/yoast-seo-wordpress\/ -->\n<title>Machines de s\u00e9chage industriel \u2013 SFD, tambours et plus<\/title>\n<meta name=\"description\" content=\"Gamme compl\u00e8te de s\u00e9choirs industriels: SFD, s\u00e9choirs rotatifs et solutions thermiques pour proc\u00e9d\u00e9s complexes.\" \/>\n<meta name=\"robots\" content=\"index, follow, max-snippet:-1, max-image-preview:large, max-video-preview:-1\" \/>\n<link rel=\"canonical\" href=\"https:\/\/www.ingetecsa.com\/fr\/machines\/\" \/>\n<meta property=\"og:locale\" content=\"fr_FR\" \/>\n<meta property=\"og:type\" content=\"article\" \/>\n<meta property=\"og:title\" content=\"Machines de s\u00e9chage industriel \u2013 SFD, tambours et plus\" \/>\n<meta property=\"og:description\" content=\"Gamme compl\u00e8te de s\u00e9choirs industriels: SFD, s\u00e9choirs rotatifs et solutions thermiques pour proc\u00e9d\u00e9s complexes.\" \/>\n<meta property=\"og:url\" content=\"https:\/\/www.ingetecsa.com\/fr\/machines\/\" \/>\n<meta property=\"og:site_name\" content=\"Ingetecsa\" \/>\n<meta property=\"article:modified_time\" content=\"2025-12-30T23:40:08+00:00\" \/>\n<meta property=\"og:image\" content=\"https:\/\/www.ingetecsa.com\/contenido\/subidas\/2020\/11\/machines-banner-scaled.jpg\" \/>\n\t<meta property=\"og:image:width\" content=\"2560\" \/>\n\t<meta property=\"og:image:height\" content=\"457\" \/>\n\t<meta property=\"og:image:type\" content=\"image\/jpeg\" \/>\n<meta name=\"twitter:card\" content=\"summary_large_image\" \/>\n<meta name=\"twitter:label1\" content=\"Dur\u00e9e de lecture estim\u00e9e\" \/>\n\t<meta name=\"twitter:data1\" content=\"2 minutes\" \/>\n<script type=\"application\/ld+json\" class=\"yoast-schema-graph\">{\"@context\":\"https:\/\/schema.org\",\"@graph\":[{\"@type\":\"WebPage\",\"@id\":\"https:\/\/www.ingetecsa.com\/fr\/machines\/\",\"url\":\"https:\/\/www.ingetecsa.com\/fr\/machines\/\",\"name\":\"Machines de s\u00e9chage industriel \u2013 SFD, tambours et plus\",\"isPartOf\":{\"@id\":\"https:\/\/www.ingetecsa.com\/fr\/#website\"},\"primaryImageOfPage\":{\"@id\":\"https:\/\/www.ingetecsa.com\/fr\/machines\/#primaryimage\"},\"image\":{\"@id\":\"https:\/\/www.ingetecsa.com\/fr\/machines\/#primaryimage\"},\"thumbnailUrl\":\"https:\/\/www.ingetecsa.com\/contenido\/subidas\/2020\/11\/machines-banner-scaled.jpg\",\"datePublished\":\"2020-10-07T11:21:33+00:00\",\"dateModified\":\"2025-12-30T23:40:08+00:00\",\"description\":\"Gamme compl\u00e8te de s\u00e9choirs industriels: SFD, s\u00e9choirs rotatifs et solutions thermiques pour proc\u00e9d\u00e9s complexes.\",\"breadcrumb\":{\"@id\":\"https:\/\/www.ingetecsa.com\/fr\/machines\/#breadcrumb\"},\"inLanguage\":\"fr-FR\",\"potentialAction\":[{\"@type\":\"ReadAction\",\"target\":[\"https:\/\/www.ingetecsa.com\/fr\/machines\/\"]}]},{\"@type\":\"ImageObject\",\"inLanguage\":\"fr-FR\",\"@id\":\"https:\/\/www.ingetecsa.com\/fr\/machines\/#primaryimage\",\"url\":\"https:\/\/www.ingetecsa.com\/contenido\/subidas\/2020\/11\/machines-banner-scaled.jpg\",\"contentUrl\":\"https:\/\/www.ingetecsa.com\/contenido\/subidas\/2020\/11\/machines-banner-scaled.jpg\",\"width\":2560,\"height\":457},{\"@type\":\"BreadcrumbList\",\"@id\":\"https:\/\/www.ingetecsa.com\/fr\/machines\/#breadcrumb\",\"itemListElement\":[{\"@type\":\"ListItem\",\"position\":1,\"name\":\"Home\",\"item\":\"https:\/\/www.ingetecsa.com\/fr\/\"},{\"@type\":\"ListItem\",\"position\":2,\"name\":\"Machines\"}]},{\"@type\":\"WebSite\",\"@id\":\"https:\/\/www.ingetecsa.com\/fr\/#website\",\"url\":\"https:\/\/www.ingetecsa.com\/fr\/\",\"name\":\"Ingetecsa\",\"description\":\"\",\"publisher\":{\"@id\":\"https:\/\/www.ingetecsa.com\/fr\/#organization\"},\"potentialAction\":[{\"@type\":\"SearchAction\",\"target\":{\"@type\":\"EntryPoint\",\"urlTemplate\":\"https:\/\/www.ingetecsa.com\/fr\/?s={search_term_string}\"},\"query-input\":{\"@type\":\"PropertyValueSpecification\",\"valueRequired\":true,\"valueName\":\"search_term_string\"}}],\"inLanguage\":\"fr-FR\"},{\"@type\":\"Organization\",\"@id\":\"https:\/\/www.ingetecsa.com\/fr\/#organization\",\"name\":\"Ingetecsa\",\"url\":\"https:\/\/www.ingetecsa.com\/fr\/\",\"logo\":{\"@type\":\"ImageObject\",\"inLanguage\":\"fr-FR\",\"@id\":\"https:\/\/www.ingetecsa.com\/fr\/#\/schema\/logo\/image\/\",\"url\":\"https:\/\/www.ingetecsa.com\/contenido\/subidas\/2023\/06\/small-edited-logo.png\",\"contentUrl\":\"https:\/\/www.ingetecsa.com\/contenido\/subidas\/2023\/06\/small-edited-logo.png\",\"width\":696,\"height\":89,\"caption\":\"Ingetecsa\"},\"image\":{\"@id\":\"https:\/\/www.ingetecsa.com\/fr\/#\/schema\/logo\/image\/\"}}]}<\/script>\n<!-- \/ Yoast SEO plugin. -->","yoast_head_json":{"title":"Machines de s\u00e9chage industriel \u2013 SFD, tambours et plus","description":"Gamme compl\u00e8te de s\u00e9choirs industriels: SFD, s\u00e9choirs rotatifs et solutions thermiques pour proc\u00e9d\u00e9s complexes.","robots":{"index":"index","follow":"follow","max-snippet":"max-snippet:-1","max-image-preview":"max-image-preview:large","max-video-preview":"max-video-preview:-1"},"canonical":"https:\/\/www.ingetecsa.com\/fr\/machines\/","og_locale":"fr_FR","og_type":"article","og_title":"Machines de s\u00e9chage industriel \u2013 SFD, tambours et plus","og_description":"Gamme compl\u00e8te de s\u00e9choirs industriels: SFD, s\u00e9choirs rotatifs et solutions thermiques pour proc\u00e9d\u00e9s complexes.","og_url":"https:\/\/www.ingetecsa.com\/fr\/machines\/","og_site_name":"Ingetecsa","article_modified_time":"2025-12-30T23:40:08+00:00","og_image":[{"width":2560,"height":457,"url":"https:\/\/www.ingetecsa.com\/contenido\/subidas\/2020\/11\/machines-banner-scaled.jpg","type":"image\/jpeg"}],"twitter_card":"summary_large_image","twitter_misc":{"Dur\u00e9e de lecture estim\u00e9e":"2 minutes"},"schema":{"@context":"https:\/\/schema.org","@graph":[{"@type":"WebPage","@id":"https:\/\/www.ingetecsa.com\/fr\/machines\/","url":"https:\/\/www.ingetecsa.com\/fr\/machines\/","name":"Machines de s\u00e9chage industriel \u2013 SFD, tambours et plus","isPartOf":{"@id":"https:\/\/www.ingetecsa.com\/fr\/#website"},"primaryImageOfPage":{"@id":"https:\/\/www.ingetecsa.com\/fr\/machines\/#primaryimage"},"image":{"@id":"https:\/\/www.ingetecsa.com\/fr\/machines\/#primaryimage"},"thumbnailUrl":"https:\/\/www.ingetecsa.com\/contenido\/subidas\/2020\/11\/machines-banner-scaled.jpg","datePublished":"2020-10-07T11:21:33+00:00","dateModified":"2025-12-30T23:40:08+00:00","description":"Gamme compl\u00e8te de s\u00e9choirs industriels: SFD, s\u00e9choirs rotatifs et solutions thermiques pour proc\u00e9d\u00e9s complexes.","breadcrumb":{"@id":"https:\/\/www.ingetecsa.com\/fr\/machines\/#breadcrumb"},"inLanguage":"fr-FR","potentialAction":[{"@type":"ReadAction","target":["https:\/\/www.ingetecsa.com\/fr\/machines\/"]}]},{"@type":"ImageObject","inLanguage":"fr-FR","@id":"https:\/\/www.ingetecsa.com\/fr\/machines\/#primaryimage","url":"https:\/\/www.ingetecsa.com\/contenido\/subidas\/2020\/11\/machines-banner-scaled.jpg","contentUrl":"https:\/\/www.ingetecsa.com\/contenido\/subidas\/2020\/11\/machines-banner-scaled.jpg","width":2560,"height":457},{"@type":"BreadcrumbList","@id":"https:\/\/www.ingetecsa.com\/fr\/machines\/#breadcrumb","itemListElement":[{"@type":"ListItem","position":1,"name":"Home","item":"https:\/\/www.ingetecsa.com\/fr\/"},{"@type":"ListItem","position":2,"name":"Machines"}]},{"@type":"WebSite","@id":"https:\/\/www.ingetecsa.com\/fr\/#website","url":"https:\/\/www.ingetecsa.com\/fr\/","name":"Ingetecsa","description":"","publisher":{"@id":"https:\/\/www.ingetecsa.com\/fr\/#organization"},"potentialAction":[{"@type":"SearchAction","target":{"@type":"EntryPoint","urlTemplate":"https:\/\/www.ingetecsa.com\/fr\/?s={search_term_string}"},"query-input":{"@type":"PropertyValueSpecification","valueRequired":true,"valueName":"search_term_string"}}],"inLanguage":"fr-FR"},{"@type":"Organization","@id":"https:\/\/www.ingetecsa.com\/fr\/#organization","name":"Ingetecsa","url":"https:\/\/www.ingetecsa.com\/fr\/","logo":{"@type":"ImageObject","inLanguage":"fr-FR","@id":"https:\/\/www.ingetecsa.com\/fr\/#\/schema\/logo\/image\/","url":"https:\/\/www.ingetecsa.com\/contenido\/subidas\/2023\/06\/small-edited-logo.png","contentUrl":"https:\/\/www.ingetecsa.com\/contenido\/subidas\/2023\/06\/small-edited-logo.png","width":696,"height":89,"caption":"Ingetecsa"},"image":{"@id":"https:\/\/www.ingetecsa.com\/fr\/#\/schema\/logo\/image\/"}}]}},"_links":{"self":[{"href":"https:\/\/www.ingetecsa.com\/fr\/wp-json\/wp\/v2\/pages\/4290","targetHints":{"allow":["GET"]}}],"collection":[{"href":"https:\/\/www.ingetecsa.com\/fr\/wp-json\/wp\/v2\/pages"}],"about":[{"href":"https:\/\/www.ingetecsa.com\/fr\/wp-json\/wp\/v2\/types\/page"}],"author":[{"embeddable":true,"href":"https:\/\/www.ingetecsa.com\/fr\/wp-json\/wp\/v2\/users\/5"}],"replies":[{"embeddable":true,"href":"https:\/\/www.ingetecsa.com\/fr\/wp-json\/wp\/v2\/comments?post=4290"}],"version-history":[{"count":0,"href":"https:\/\/www.ingetecsa.com\/fr\/wp-json\/wp\/v2\/pages\/4290\/revisions"}],"wp:featuredmedia":[{"embeddable":true,"href":"https:\/\/www.ingetecsa.com\/fr\/wp-json\/wp\/v2\/media\/4292"}],"wp:attachment":[{"href":"https:\/\/www.ingetecsa.com\/fr\/wp-json\/wp\/v2\/media?parent=4290"}],"curies":[{"name":"wp","href":"https:\/\/api.w.org\/{rel}","templated":true}]}}