{"id":4144,"date":"2020-10-06T16:59:23","date_gmt":"2020-10-06T15:59:23","guid":{"rendered":"https:\/\/www.ingetecsa.com\/download-brochures\/"},"modified":"2025-09-26T07:06:13","modified_gmt":"2025-09-26T05:06:13","slug":"telechargez","status":"publish","type":"page","link":"https:\/\/www.ingetecsa.com\/fr\/telechargez\/","title":{"rendered":"T\u00e9l\u00e9chargez"},"content":{"rendered":"\n<h1 class=\"wp-block-heading\">T\u00e9l\u00e9chargez nos brochures <br>pour plus amples d\u00e9tails.<\/h1>\n\n\n\n<p>Cliquez ci-dessous sur la technologie choisie pour t\u00e9l\u00e9charger<br>les brochures de votre choix. Vous y trouverez une foule de <br>d\u00e9tails, y compris des illustrations, des informations applicatives <br>et des r\u00e9f\u00e9rences.&nbsp; <br>Si vous d\u00e9sirez consulter d\u2019abord notre programme, cliquez <a href=\"https:\/\/www.ingetecsa.com\/fr\/machines\/\">ici<\/a>.<\/p>\n\n\n\n<p><\/p>\n\n\n\n<p><\/p>\n","protected":false},"excerpt":{"rendered":"T\u00e9l\u00e9chargez nos brochures pour plus amples d\u00e9tails. Cliquez ci-dessous sur la technologie choisie pour t\u00e9l\u00e9chargerles brochures de votre choix. Vous y trouverez une foule de d\u00e9tails, y compris des illustrations, des informations applicatives et des r\u00e9f\u00e9rences.&nbsp; Si vous d\u00e9sirez consulter d\u2019abord notre programme, cliquez ici.","protected":false},"author":5,"featured_media":4146,"parent":0,"menu_order":0,"comment_status":"closed","ping_status":"closed","template":"templates\/template-brochures.php","meta":{"_acf_changed":false,"footnotes":""},"class_list":["post-4144","page","type-page","status-publish","has-post-thumbnail","hentry"],"acf":[],"yoast_head":"<!-- This site is optimized with the Yoast SEO plugin v27.2 - https:\/\/yoast.com\/product\/yoast-seo-wordpress\/ -->\n<title>Pour plus d&#039;informations, t\u00e9l\u00e9chargez nos brochures - Ingetecsa<\/title>\n<meta name=\"description\" content=\"D\u00e9couvrez d&#039;autres images, applications et r\u00e9f\u00e9rences sur nos s\u00e9choirs, refroidisseurs et malaxeurs dans nos brochures t\u00e9l\u00e9chargeables\" \/>\n<meta name=\"robots\" content=\"index, follow, max-snippet:-1, max-image-preview:large, max-video-preview:-1\" \/>\n<link rel=\"canonical\" href=\"https:\/\/www.ingetecsa.com\/fr\/telechargez\/\" \/>\n<meta property=\"og:locale\" content=\"fr_FR\" \/>\n<meta property=\"og:type\" content=\"article\" \/>\n<meta property=\"og:title\" content=\"Pour plus d&#039;informations, t\u00e9l\u00e9chargez nos brochures - Ingetecsa\" \/>\n<meta property=\"og:description\" content=\"D\u00e9couvrez d&#039;autres images, applications et r\u00e9f\u00e9rences sur nos s\u00e9choirs, refroidisseurs et malaxeurs dans nos brochures t\u00e9l\u00e9chargeables\" \/>\n<meta property=\"og:url\" content=\"https:\/\/www.ingetecsa.com\/fr\/telechargez\/\" \/>\n<meta property=\"og:site_name\" content=\"Ingetecsa\" \/>\n<meta property=\"article:modified_time\" content=\"2025-09-26T05:06:13+00:00\" \/>\n<meta property=\"og:image\" content=\"https:\/\/www.ingetecsa.com\/contenido\/subidas\/2021\/03\/books-library-shelves-collection-120472-2560x1080-copy.jpg\" \/>\n\t<meta property=\"og:image:width\" content=\"1404\" \/>\n\t<meta property=\"og:image:height\" content=\"249\" \/>\n\t<meta property=\"og:image:type\" content=\"image\/jpeg\" \/>\n<meta name=\"twitter:card\" content=\"summary_large_image\" \/>\n<meta name=\"twitter:label1\" content=\"Dur\u00e9e de lecture estim\u00e9e\" \/>\n\t<meta name=\"twitter:data1\" content=\"1 minute\" \/>\n<script type=\"application\/ld+json\" class=\"yoast-schema-graph\">{\"@context\":\"https:\/\/schema.org\",\"@graph\":[{\"@type\":\"WebPage\",\"@id\":\"https:\/\/www.ingetecsa.com\/fr\/telechargez\/\",\"url\":\"https:\/\/www.ingetecsa.com\/fr\/telechargez\/\",\"name\":\"Pour plus d'informations, t\u00e9l\u00e9chargez nos brochures - Ingetecsa\",\"isPartOf\":{\"@id\":\"https:\/\/www.ingetecsa.com\/fr\/#website\"},\"primaryImageOfPage\":{\"@id\":\"https:\/\/www.ingetecsa.com\/fr\/telechargez\/#primaryimage\"},\"image\":{\"@id\":\"https:\/\/www.ingetecsa.com\/fr\/telechargez\/#primaryimage\"},\"thumbnailUrl\":\"https:\/\/www.ingetecsa.com\/contenido\/subidas\/2021\/03\/books-library-shelves-collection-120472-2560x1080-copy.jpg\",\"datePublished\":\"2020-10-06T15:59:23+00:00\",\"dateModified\":\"2025-09-26T05:06:13+00:00\",\"description\":\"D\u00e9couvrez d'autres images, applications et r\u00e9f\u00e9rences sur nos s\u00e9choirs, refroidisseurs et malaxeurs dans nos brochures t\u00e9l\u00e9chargeables\",\"breadcrumb\":{\"@id\":\"https:\/\/www.ingetecsa.com\/fr\/telechargez\/#breadcrumb\"},\"inLanguage\":\"fr-FR\",\"potentialAction\":[{\"@type\":\"ReadAction\",\"target\":[\"https:\/\/www.ingetecsa.com\/fr\/telechargez\/\"]}]},{\"@type\":\"ImageObject\",\"inLanguage\":\"fr-FR\",\"@id\":\"https:\/\/www.ingetecsa.com\/fr\/telechargez\/#primaryimage\",\"url\":\"https:\/\/www.ingetecsa.com\/contenido\/subidas\/2021\/03\/books-library-shelves-collection-120472-2560x1080-copy.jpg\",\"contentUrl\":\"https:\/\/www.ingetecsa.com\/contenido\/subidas\/2021\/03\/books-library-shelves-collection-120472-2560x1080-copy.jpg\",\"width\":1404,\"height\":249},{\"@type\":\"BreadcrumbList\",\"@id\":\"https:\/\/www.ingetecsa.com\/fr\/telechargez\/#breadcrumb\",\"itemListElement\":[{\"@type\":\"ListItem\",\"position\":1,\"name\":\"Home\",\"item\":\"https:\/\/www.ingetecsa.com\/fr\/\"},{\"@type\":\"ListItem\",\"position\":2,\"name\":\"T\u00e9l\u00e9chargez\"}]},{\"@type\":\"WebSite\",\"@id\":\"https:\/\/www.ingetecsa.com\/fr\/#website\",\"url\":\"https:\/\/www.ingetecsa.com\/fr\/\",\"name\":\"Ingetecsa\",\"description\":\"\",\"publisher\":{\"@id\":\"https:\/\/www.ingetecsa.com\/fr\/#organization\"},\"potentialAction\":[{\"@type\":\"SearchAction\",\"target\":{\"@type\":\"EntryPoint\",\"urlTemplate\":\"https:\/\/www.ingetecsa.com\/fr\/?s={search_term_string}\"},\"query-input\":{\"@type\":\"PropertyValueSpecification\",\"valueRequired\":true,\"valueName\":\"search_term_string\"}}],\"inLanguage\":\"fr-FR\"},{\"@type\":\"Organization\",\"@id\":\"https:\/\/www.ingetecsa.com\/fr\/#organization\",\"name\":\"Ingetecsa\",\"url\":\"https:\/\/www.ingetecsa.com\/fr\/\",\"logo\":{\"@type\":\"ImageObject\",\"inLanguage\":\"fr-FR\",\"@id\":\"https:\/\/www.ingetecsa.com\/fr\/#\/schema\/logo\/image\/\",\"url\":\"https:\/\/www.ingetecsa.com\/contenido\/subidas\/2023\/06\/small-edited-logo.png\",\"contentUrl\":\"https:\/\/www.ingetecsa.com\/contenido\/subidas\/2023\/06\/small-edited-logo.png\",\"width\":696,\"height\":89,\"caption\":\"Ingetecsa\"},\"image\":{\"@id\":\"https:\/\/www.ingetecsa.com\/fr\/#\/schema\/logo\/image\/\"}}]}<\/script>\n<!-- \/ Yoast SEO plugin. -->","yoast_head_json":{"title":"Pour plus d'informations, t\u00e9l\u00e9chargez nos brochures - Ingetecsa","description":"D\u00e9couvrez d'autres images, applications et r\u00e9f\u00e9rences sur nos s\u00e9choirs, refroidisseurs et malaxeurs dans nos brochures t\u00e9l\u00e9chargeables","robots":{"index":"index","follow":"follow","max-snippet":"max-snippet:-1","max-image-preview":"max-image-preview:large","max-video-preview":"max-video-preview:-1"},"canonical":"https:\/\/www.ingetecsa.com\/fr\/telechargez\/","og_locale":"fr_FR","og_type":"article","og_title":"Pour plus d'informations, t\u00e9l\u00e9chargez nos brochures - Ingetecsa","og_description":"D\u00e9couvrez d'autres images, applications et r\u00e9f\u00e9rences sur nos s\u00e9choirs, refroidisseurs et malaxeurs dans nos brochures t\u00e9l\u00e9chargeables","og_url":"https:\/\/www.ingetecsa.com\/fr\/telechargez\/","og_site_name":"Ingetecsa","article_modified_time":"2025-09-26T05:06:13+00:00","og_image":[{"width":1404,"height":249,"url":"https:\/\/www.ingetecsa.com\/contenido\/subidas\/2021\/03\/books-library-shelves-collection-120472-2560x1080-copy.jpg","type":"image\/jpeg"}],"twitter_card":"summary_large_image","twitter_misc":{"Dur\u00e9e de lecture estim\u00e9e":"1 minute"},"schema":{"@context":"https:\/\/schema.org","@graph":[{"@type":"WebPage","@id":"https:\/\/www.ingetecsa.com\/fr\/telechargez\/","url":"https:\/\/www.ingetecsa.com\/fr\/telechargez\/","name":"Pour plus d'informations, t\u00e9l\u00e9chargez nos brochures - Ingetecsa","isPartOf":{"@id":"https:\/\/www.ingetecsa.com\/fr\/#website"},"primaryImageOfPage":{"@id":"https:\/\/www.ingetecsa.com\/fr\/telechargez\/#primaryimage"},"image":{"@id":"https:\/\/www.ingetecsa.com\/fr\/telechargez\/#primaryimage"},"thumbnailUrl":"https:\/\/www.ingetecsa.com\/contenido\/subidas\/2021\/03\/books-library-shelves-collection-120472-2560x1080-copy.jpg","datePublished":"2020-10-06T15:59:23+00:00","dateModified":"2025-09-26T05:06:13+00:00","description":"D\u00e9couvrez d'autres images, applications et r\u00e9f\u00e9rences sur nos s\u00e9choirs, refroidisseurs et malaxeurs dans nos brochures t\u00e9l\u00e9chargeables","breadcrumb":{"@id":"https:\/\/www.ingetecsa.com\/fr\/telechargez\/#breadcrumb"},"inLanguage":"fr-FR","potentialAction":[{"@type":"ReadAction","target":["https:\/\/www.ingetecsa.com\/fr\/telechargez\/"]}]},{"@type":"ImageObject","inLanguage":"fr-FR","@id":"https:\/\/www.ingetecsa.com\/fr\/telechargez\/#primaryimage","url":"https:\/\/www.ingetecsa.com\/contenido\/subidas\/2021\/03\/books-library-shelves-collection-120472-2560x1080-copy.jpg","contentUrl":"https:\/\/www.ingetecsa.com\/contenido\/subidas\/2021\/03\/books-library-shelves-collection-120472-2560x1080-copy.jpg","width":1404,"height":249},{"@type":"BreadcrumbList","@id":"https:\/\/www.ingetecsa.com\/fr\/telechargez\/#breadcrumb","itemListElement":[{"@type":"ListItem","position":1,"name":"Home","item":"https:\/\/www.ingetecsa.com\/fr\/"},{"@type":"ListItem","position":2,"name":"T\u00e9l\u00e9chargez"}]},{"@type":"WebSite","@id":"https:\/\/www.ingetecsa.com\/fr\/#website","url":"https:\/\/www.ingetecsa.com\/fr\/","name":"Ingetecsa","description":"","publisher":{"@id":"https:\/\/www.ingetecsa.com\/fr\/#organization"},"potentialAction":[{"@type":"SearchAction","target":{"@type":"EntryPoint","urlTemplate":"https:\/\/www.ingetecsa.com\/fr\/?s={search_term_string}"},"query-input":{"@type":"PropertyValueSpecification","valueRequired":true,"valueName":"search_term_string"}}],"inLanguage":"fr-FR"},{"@type":"Organization","@id":"https:\/\/www.ingetecsa.com\/fr\/#organization","name":"Ingetecsa","url":"https:\/\/www.ingetecsa.com\/fr\/","logo":{"@type":"ImageObject","inLanguage":"fr-FR","@id":"https:\/\/www.ingetecsa.com\/fr\/#\/schema\/logo\/image\/","url":"https:\/\/www.ingetecsa.com\/contenido\/subidas\/2023\/06\/small-edited-logo.png","contentUrl":"https:\/\/www.ingetecsa.com\/contenido\/subidas\/2023\/06\/small-edited-logo.png","width":696,"height":89,"caption":"Ingetecsa"},"image":{"@id":"https:\/\/www.ingetecsa.com\/fr\/#\/schema\/logo\/image\/"}}]}},"_links":{"self":[{"href":"https:\/\/www.ingetecsa.com\/fr\/wp-json\/wp\/v2\/pages\/4144","targetHints":{"allow":["GET"]}}],"collection":[{"href":"https:\/\/www.ingetecsa.com\/fr\/wp-json\/wp\/v2\/pages"}],"about":[{"href":"https:\/\/www.ingetecsa.com\/fr\/wp-json\/wp\/v2\/types\/page"}],"author":[{"embeddable":true,"href":"https:\/\/www.ingetecsa.com\/fr\/wp-json\/wp\/v2\/users\/5"}],"replies":[{"embeddable":true,"href":"https:\/\/www.ingetecsa.com\/fr\/wp-json\/wp\/v2\/comments?post=4144"}],"version-history":[{"count":0,"href":"https:\/\/www.ingetecsa.com\/fr\/wp-json\/wp\/v2\/pages\/4144\/revisions"}],"wp:featuredmedia":[{"embeddable":true,"href":"https:\/\/www.ingetecsa.com\/fr\/wp-json\/wp\/v2\/media\/4146"}],"wp:attachment":[{"href":"https:\/\/www.ingetecsa.com\/fr\/wp-json\/wp\/v2\/media?parent=4144"}],"curies":[{"name":"wp","href":"https:\/\/api.w.org\/{rel}","templated":true}]}}