{"id":4136,"date":"2020-09-28T11:38:07","date_gmt":"2020-09-28T10:38:07","guid":{"rendered":"https:\/\/www.ingetecsa.com\/pilot-units\/"},"modified":"2026-03-03T03:58:15","modified_gmt":"2026-03-03T02:58:15","slug":"unites-pilotes","status":"publish","type":"page","link":"https:\/\/www.ingetecsa.com\/fr\/unites-pilotes\/","title":{"rendered":"Unit\u00e9s pilotes"},"content":{"rendered":"<h2><strong>Des unit\u00e9s pilotes sont disponibles pour tester vos produits ainsi que pour le d\u00e9veloppement de nos propres processus. Notre centre d\u2019essai R&amp;D, qui abrite \u00e9galement notre laboratoire, est id\u00e9alement situ\u00e9 \u00e0 un jet de pierre de Barcelone. Ce centre est \u00e9quip\u00e9 d\u2019un parc d\u2019unit\u00e9s pilotes modernes.<\/strong><\/h2>\n<p>Notre \u00e9quipe de collaborateurs en charge de ces essais ne regroupe pas seulement des sp\u00e9cialistes thermiques; ce sont aussi des ing\u00e9nieurs hautement qualifi\u00e9s pour la r\u00e9alisation des tests. Ils savent comment faire en sorte que votre proc\u00e9d\u00e9 devienne fonctionnel. Ils simulent et optimisent votre processus de production et ils d\u00e9terminent la configuration id\u00e9ale de ses param\u00e8tres.<\/p>\n<p>Nos unit\u00e9s de test sont mises \u00e0 la disposition de nos clients qui peuvent les utiliser dans leurs propres installations. Notre ing\u00e9nieur de test configure l\u2019\u00e9quipement et montre comment l\u2019utiliser. Cela permet \u00e0 nos clients de tester et d\u00e9velopper leurs produits \u00e0 leur propre rythme, mais aussi de produire des \u00e9chantillons pour sonder le march\u00e9, si n\u00e9cessaire. Ils peuvent \u00e9galement lancer des lots de production de plus grande ampleur.<\/p>\n<p>Notre centre d\u2019essai ne nous permet pas de tester tous les produits; pour les produits rapidement p\u00e9rissables, dangereux ou radioactifs, nous avons besoin d\u2019effectuer les essais sur un site plus proche des installations du client. Nos unit\u00e9s de test sont facilement d\u00e9montables, ce qui nous permet de les transporter n\u2019importe o\u00f9 dans le monde, par camion, fret a\u00e9rien ou conteneur maritime. Une fois arriv\u00e9 sur le site, notre ing\u00e9nieur installera le mat\u00e9riel et proc\u00e9dera aux essais en \u00e9troite collaboration avec le client.<\/p>\n<p>Si vous souhaitez avoir plus de d\u00e9tails sur la mani\u00e8re dont nous pouvons vous aider \u00e0 tester votre produit dans notre centre d\u2019essai ou dans vos installat<strong>io<\/strong>ns, n\u2019h\u00e9sitez pas \u00e0 <strong><a href=\"https:\/\/www.ingetecsa.com\/fr\/contact\/\">nous contacter<\/a><\/strong>.<\/p>\n<p>\u00a0<\/p>\n\n\n<p><\/p>\n\n\n\n<p><\/p>\n","protected":false},"excerpt":{"rendered":"Des unit\u00e9s pilotes sont disponibles pour tester vos produits ainsi que pour le d\u00e9veloppement de nos propres processus. Notre centre d\u2019essai R&amp;D, qui abrite \u00e9galement notre laboratoire, est id\u00e9alement situ\u00e9 \u00e0 un jet de pierre de Barcelone. Ce centre est \u00e9quip\u00e9 d\u2019un parc d\u2019unit\u00e9s pilotes modernes. Notre \u00e9quipe de collaborateurs en charge de ces essais [&hellip;]","protected":false},"author":8,"featured_media":4138,"parent":0,"menu_order":0,"comment_status":"closed","ping_status":"closed","template":"templates\/template-generic-two.php","meta":{"_acf_changed":false,"footnotes":""},"class_list":["post-4136","page","type-page","status-publish","has-post-thumbnail","hentry"],"acf":[],"yoast_head":"<!-- This site is optimized with the Yoast SEO plugin v27.2 - https:\/\/yoast.com\/product\/yoast-seo-wordpress\/ -->\n<title>Nos unit\u00e9s pilotes sont disponibles pour tester votre produit - Ingetecsa<\/title>\n<meta name=\"description\" content=\"Nos unit\u00e9s pilotes sont disponibles pour tester vos produits. Notre centre R&amp;D est \u00e9quip\u00e9 d\u2019un parc d\u2019unit\u00e9s pilotes modernes.\" \/>\n<meta name=\"robots\" content=\"index, follow, max-snippet:-1, max-image-preview:large, max-video-preview:-1\" \/>\n<link rel=\"canonical\" href=\"https:\/\/www.ingetecsa.com\/fr\/unites-pilotes\/\" \/>\n<meta property=\"og:locale\" content=\"fr_FR\" \/>\n<meta property=\"og:type\" content=\"article\" \/>\n<meta property=\"og:title\" content=\"Nos unit\u00e9s pilotes sont disponibles pour tester votre produit - Ingetecsa\" \/>\n<meta property=\"og:description\" content=\"Nos unit\u00e9s pilotes sont disponibles pour tester vos produits. Notre centre R&amp;D est \u00e9quip\u00e9 d\u2019un parc d\u2019unit\u00e9s pilotes modernes.\" \/>\n<meta property=\"og:url\" content=\"https:\/\/www.ingetecsa.com\/fr\/unites-pilotes\/\" \/>\n<meta property=\"og:site_name\" content=\"Ingetecsa\" \/>\n<meta property=\"article:modified_time\" content=\"2026-03-03T02:58:15+00:00\" \/>\n<meta property=\"og:image\" content=\"https:\/\/www.ingetecsa.com\/contenido\/subidas\/2020\/11\/pilot-banner-scaled.jpg\" \/>\n\t<meta property=\"og:image:width\" content=\"2560\" \/>\n\t<meta property=\"og:image:height\" content=\"457\" \/>\n\t<meta property=\"og:image:type\" content=\"image\/jpeg\" \/>\n<meta name=\"twitter:card\" content=\"summary_large_image\" \/>\n<meta name=\"twitter:label1\" content=\"Dur\u00e9e de lecture estim\u00e9e\" \/>\n\t<meta name=\"twitter:data1\" content=\"2 minutes\" \/>\n<script type=\"application\/ld+json\" class=\"yoast-schema-graph\">{\"@context\":\"https:\/\/schema.org\",\"@graph\":[{\"@type\":\"WebPage\",\"@id\":\"https:\/\/www.ingetecsa.com\/fr\/unites-pilotes\/\",\"url\":\"https:\/\/www.ingetecsa.com\/fr\/unites-pilotes\/\",\"name\":\"Nos unit\u00e9s pilotes sont disponibles pour tester votre produit - Ingetecsa\",\"isPartOf\":{\"@id\":\"https:\/\/www.ingetecsa.com\/fr\/#website\"},\"primaryImageOfPage\":{\"@id\":\"https:\/\/www.ingetecsa.com\/fr\/unites-pilotes\/#primaryimage\"},\"image\":{\"@id\":\"https:\/\/www.ingetecsa.com\/fr\/unites-pilotes\/#primaryimage\"},\"thumbnailUrl\":\"https:\/\/www.ingetecsa.com\/contenido\/subidas\/2020\/11\/pilot-banner-scaled.jpg\",\"datePublished\":\"2020-09-28T10:38:07+00:00\",\"dateModified\":\"2026-03-03T02:58:15+00:00\",\"description\":\"Nos unit\u00e9s pilotes sont disponibles pour tester vos produits. Notre centre R&D est \u00e9quip\u00e9 d\u2019un parc d\u2019unit\u00e9s pilotes modernes.\",\"breadcrumb\":{\"@id\":\"https:\/\/www.ingetecsa.com\/fr\/unites-pilotes\/#breadcrumb\"},\"inLanguage\":\"fr-FR\",\"potentialAction\":[{\"@type\":\"ReadAction\",\"target\":[\"https:\/\/www.ingetecsa.com\/fr\/unites-pilotes\/\"]}]},{\"@type\":\"ImageObject\",\"inLanguage\":\"fr-FR\",\"@id\":\"https:\/\/www.ingetecsa.com\/fr\/unites-pilotes\/#primaryimage\",\"url\":\"https:\/\/www.ingetecsa.com\/contenido\/subidas\/2020\/11\/pilot-banner-scaled.jpg\",\"contentUrl\":\"https:\/\/www.ingetecsa.com\/contenido\/subidas\/2020\/11\/pilot-banner-scaled.jpg\",\"width\":2560,\"height\":457},{\"@type\":\"BreadcrumbList\",\"@id\":\"https:\/\/www.ingetecsa.com\/fr\/unites-pilotes\/#breadcrumb\",\"itemListElement\":[{\"@type\":\"ListItem\",\"position\":1,\"name\":\"Home\",\"item\":\"https:\/\/www.ingetecsa.com\/fr\/\"},{\"@type\":\"ListItem\",\"position\":2,\"name\":\"Unit\u00e9s pilotes\"}]},{\"@type\":\"WebSite\",\"@id\":\"https:\/\/www.ingetecsa.com\/fr\/#website\",\"url\":\"https:\/\/www.ingetecsa.com\/fr\/\",\"name\":\"Ingetecsa\",\"description\":\"\",\"publisher\":{\"@id\":\"https:\/\/www.ingetecsa.com\/fr\/#organization\"},\"potentialAction\":[{\"@type\":\"SearchAction\",\"target\":{\"@type\":\"EntryPoint\",\"urlTemplate\":\"https:\/\/www.ingetecsa.com\/fr\/?s={search_term_string}\"},\"query-input\":{\"@type\":\"PropertyValueSpecification\",\"valueRequired\":true,\"valueName\":\"search_term_string\"}}],\"inLanguage\":\"fr-FR\"},{\"@type\":\"Organization\",\"@id\":\"https:\/\/www.ingetecsa.com\/fr\/#organization\",\"name\":\"Ingetecsa\",\"url\":\"https:\/\/www.ingetecsa.com\/fr\/\",\"logo\":{\"@type\":\"ImageObject\",\"inLanguage\":\"fr-FR\",\"@id\":\"https:\/\/www.ingetecsa.com\/fr\/#\/schema\/logo\/image\/\",\"url\":\"https:\/\/www.ingetecsa.com\/contenido\/subidas\/2023\/06\/small-edited-logo.png\",\"contentUrl\":\"https:\/\/www.ingetecsa.com\/contenido\/subidas\/2023\/06\/small-edited-logo.png\",\"width\":696,\"height\":89,\"caption\":\"Ingetecsa\"},\"image\":{\"@id\":\"https:\/\/www.ingetecsa.com\/fr\/#\/schema\/logo\/image\/\"}}]}<\/script>\n<!-- \/ Yoast SEO plugin. -->","yoast_head_json":{"title":"Nos unit\u00e9s pilotes sont disponibles pour tester votre produit - Ingetecsa","description":"Nos unit\u00e9s pilotes sont disponibles pour tester vos produits. Notre centre R&D est \u00e9quip\u00e9 d\u2019un parc d\u2019unit\u00e9s pilotes modernes.","robots":{"index":"index","follow":"follow","max-snippet":"max-snippet:-1","max-image-preview":"max-image-preview:large","max-video-preview":"max-video-preview:-1"},"canonical":"https:\/\/www.ingetecsa.com\/fr\/unites-pilotes\/","og_locale":"fr_FR","og_type":"article","og_title":"Nos unit\u00e9s pilotes sont disponibles pour tester votre produit - Ingetecsa","og_description":"Nos unit\u00e9s pilotes sont disponibles pour tester vos produits. Notre centre R&D est \u00e9quip\u00e9 d\u2019un parc d\u2019unit\u00e9s pilotes modernes.","og_url":"https:\/\/www.ingetecsa.com\/fr\/unites-pilotes\/","og_site_name":"Ingetecsa","article_modified_time":"2026-03-03T02:58:15+00:00","og_image":[{"width":2560,"height":457,"url":"https:\/\/www.ingetecsa.com\/contenido\/subidas\/2020\/11\/pilot-banner-scaled.jpg","type":"image\/jpeg"}],"twitter_card":"summary_large_image","twitter_misc":{"Dur\u00e9e de lecture estim\u00e9e":"2 minutes"},"schema":{"@context":"https:\/\/schema.org","@graph":[{"@type":"WebPage","@id":"https:\/\/www.ingetecsa.com\/fr\/unites-pilotes\/","url":"https:\/\/www.ingetecsa.com\/fr\/unites-pilotes\/","name":"Nos unit\u00e9s pilotes sont disponibles pour tester votre produit - Ingetecsa","isPartOf":{"@id":"https:\/\/www.ingetecsa.com\/fr\/#website"},"primaryImageOfPage":{"@id":"https:\/\/www.ingetecsa.com\/fr\/unites-pilotes\/#primaryimage"},"image":{"@id":"https:\/\/www.ingetecsa.com\/fr\/unites-pilotes\/#primaryimage"},"thumbnailUrl":"https:\/\/www.ingetecsa.com\/contenido\/subidas\/2020\/11\/pilot-banner-scaled.jpg","datePublished":"2020-09-28T10:38:07+00:00","dateModified":"2026-03-03T02:58:15+00:00","description":"Nos unit\u00e9s pilotes sont disponibles pour tester vos produits. Notre centre R&D est \u00e9quip\u00e9 d\u2019un parc d\u2019unit\u00e9s pilotes modernes.","breadcrumb":{"@id":"https:\/\/www.ingetecsa.com\/fr\/unites-pilotes\/#breadcrumb"},"inLanguage":"fr-FR","potentialAction":[{"@type":"ReadAction","target":["https:\/\/www.ingetecsa.com\/fr\/unites-pilotes\/"]}]},{"@type":"ImageObject","inLanguage":"fr-FR","@id":"https:\/\/www.ingetecsa.com\/fr\/unites-pilotes\/#primaryimage","url":"https:\/\/www.ingetecsa.com\/contenido\/subidas\/2020\/11\/pilot-banner-scaled.jpg","contentUrl":"https:\/\/www.ingetecsa.com\/contenido\/subidas\/2020\/11\/pilot-banner-scaled.jpg","width":2560,"height":457},{"@type":"BreadcrumbList","@id":"https:\/\/www.ingetecsa.com\/fr\/unites-pilotes\/#breadcrumb","itemListElement":[{"@type":"ListItem","position":1,"name":"Home","item":"https:\/\/www.ingetecsa.com\/fr\/"},{"@type":"ListItem","position":2,"name":"Unit\u00e9s pilotes"}]},{"@type":"WebSite","@id":"https:\/\/www.ingetecsa.com\/fr\/#website","url":"https:\/\/www.ingetecsa.com\/fr\/","name":"Ingetecsa","description":"","publisher":{"@id":"https:\/\/www.ingetecsa.com\/fr\/#organization"},"potentialAction":[{"@type":"SearchAction","target":{"@type":"EntryPoint","urlTemplate":"https:\/\/www.ingetecsa.com\/fr\/?s={search_term_string}"},"query-input":{"@type":"PropertyValueSpecification","valueRequired":true,"valueName":"search_term_string"}}],"inLanguage":"fr-FR"},{"@type":"Organization","@id":"https:\/\/www.ingetecsa.com\/fr\/#organization","name":"Ingetecsa","url":"https:\/\/www.ingetecsa.com\/fr\/","logo":{"@type":"ImageObject","inLanguage":"fr-FR","@id":"https:\/\/www.ingetecsa.com\/fr\/#\/schema\/logo\/image\/","url":"https:\/\/www.ingetecsa.com\/contenido\/subidas\/2023\/06\/small-edited-logo.png","contentUrl":"https:\/\/www.ingetecsa.com\/contenido\/subidas\/2023\/06\/small-edited-logo.png","width":696,"height":89,"caption":"Ingetecsa"},"image":{"@id":"https:\/\/www.ingetecsa.com\/fr\/#\/schema\/logo\/image\/"}}]}},"_links":{"self":[{"href":"https:\/\/www.ingetecsa.com\/fr\/wp-json\/wp\/v2\/pages\/4136","targetHints":{"allow":["GET"]}}],"collection":[{"href":"https:\/\/www.ingetecsa.com\/fr\/wp-json\/wp\/v2\/pages"}],"about":[{"href":"https:\/\/www.ingetecsa.com\/fr\/wp-json\/wp\/v2\/types\/page"}],"author":[{"embeddable":true,"href":"https:\/\/www.ingetecsa.com\/fr\/wp-json\/wp\/v2\/users\/8"}],"replies":[{"embeddable":true,"href":"https:\/\/www.ingetecsa.com\/fr\/wp-json\/wp\/v2\/comments?post=4136"}],"version-history":[{"count":0,"href":"https:\/\/www.ingetecsa.com\/fr\/wp-json\/wp\/v2\/pages\/4136\/revisions"}],"wp:featuredmedia":[{"embeddable":true,"href":"https:\/\/www.ingetecsa.com\/fr\/wp-json\/wp\/v2\/media\/4138"}],"wp:attachment":[{"href":"https:\/\/www.ingetecsa.com\/fr\/wp-json\/wp\/v2\/media?parent=4136"}],"curies":[{"name":"wp","href":"https:\/\/api.w.org\/{rel}","templated":true}]}}