{"id":4089,"date":"2020-10-09T08:25:58","date_gmt":"2020-10-09T07:25:58","guid":{"rendered":"https:\/\/www.ingetecsa.com\/about\/"},"modified":"2025-09-10T01:40:47","modified_gmt":"2025-09-09T23:40:47","slug":"bienvenue","status":"publish","type":"page","link":"https:\/\/www.ingetecsa.com\/fr\/bienvenue\/","title":{"rendered":"Bienvenue"},"content":{"rendered":"","protected":false},"excerpt":{"rendered":"","protected":false},"author":8,"featured_media":4091,"parent":0,"menu_order":0,"comment_status":"closed","ping_status":"closed","template":"templates\/template-about.php","meta":{"_acf_changed":false,"footnotes":""},"class_list":["post-4089","page","type-page","status-publish","has-post-thumbnail","hentry"],"acf":[],"yoast_head":"<!-- This site is optimized with the Yoast SEO plugin v27.2 - https:\/\/yoast.com\/product\/yoast-seo-wordpress\/ -->\n<title>Nos solutions pour vos applications de s\u00e9chage\/refroidissement - Ingetecsa<\/title>\n<meta name=\"description\" content=\"Ingetecsa fournit des solutions de s\u00e9chage et de refroidissement pour votre application. Nous disposons d&#039;une gamme unique pour r\u00e9soudre votre probl\u00e8me.\" \/>\n<meta name=\"robots\" content=\"index, follow, max-snippet:-1, max-image-preview:large, max-video-preview:-1\" \/>\n<link rel=\"canonical\" href=\"https:\/\/www.ingetecsa.com\/fr\/bienvenue\/\" \/>\n<meta property=\"og:locale\" content=\"fr_FR\" \/>\n<meta property=\"og:type\" content=\"article\" \/>\n<meta property=\"og:title\" content=\"Nos solutions pour vos applications de s\u00e9chage\/refroidissement - Ingetecsa\" \/>\n<meta property=\"og:description\" content=\"Ingetecsa fournit des solutions de s\u00e9chage et de refroidissement pour votre application. Nous disposons d&#039;une gamme unique pour r\u00e9soudre votre probl\u00e8me.\" \/>\n<meta property=\"og:url\" content=\"https:\/\/www.ingetecsa.com\/fr\/bienvenue\/\" \/>\n<meta property=\"og:site_name\" content=\"Ingetecsa\" \/>\n<meta property=\"article:modified_time\" content=\"2025-09-09T23:40:47+00:00\" \/>\n<meta property=\"og:image\" content=\"https:\/\/www.ingetecsa.com\/contenido\/subidas\/2020\/11\/about-banner-3-scaled.jpg\" \/>\n\t<meta property=\"og:image:width\" content=\"2560\" \/>\n\t<meta property=\"og:image:height\" content=\"457\" \/>\n\t<meta property=\"og:image:type\" content=\"image\/jpeg\" \/>\n<meta name=\"twitter:card\" content=\"summary_large_image\" \/>\n<meta name=\"twitter:label1\" content=\"Dur\u00e9e de lecture estim\u00e9e\" \/>\n\t<meta name=\"twitter:data1\" content=\"1 minute\" \/>\n<script type=\"application\/ld+json\" class=\"yoast-schema-graph\">{\"@context\":\"https:\/\/schema.org\",\"@graph\":[{\"@type\":\"WebPage\",\"@id\":\"https:\/\/www.ingetecsa.com\/fr\/bienvenue\/\",\"url\":\"https:\/\/www.ingetecsa.com\/fr\/bienvenue\/\",\"name\":\"Nos solutions pour vos applications de s\u00e9chage\/refroidissement - Ingetecsa\",\"isPartOf\":{\"@id\":\"https:\/\/www.ingetecsa.com\/fr\/#website\"},\"primaryImageOfPage\":{\"@id\":\"https:\/\/www.ingetecsa.com\/fr\/bienvenue\/#primaryimage\"},\"image\":{\"@id\":\"https:\/\/www.ingetecsa.com\/fr\/bienvenue\/#primaryimage\"},\"thumbnailUrl\":\"https:\/\/www.ingetecsa.com\/contenido\/subidas\/2020\/11\/about-banner-3-scaled.jpg\",\"datePublished\":\"2020-10-09T07:25:58+00:00\",\"dateModified\":\"2025-09-09T23:40:47+00:00\",\"description\":\"Ingetecsa fournit des solutions de s\u00e9chage et de refroidissement pour votre application. Nous disposons d'une gamme unique pour r\u00e9soudre votre probl\u00e8me.\",\"breadcrumb\":{\"@id\":\"https:\/\/www.ingetecsa.com\/fr\/bienvenue\/#breadcrumb\"},\"inLanguage\":\"fr-FR\",\"potentialAction\":[{\"@type\":\"ReadAction\",\"target\":[\"https:\/\/www.ingetecsa.com\/fr\/bienvenue\/\"]}]},{\"@type\":\"ImageObject\",\"inLanguage\":\"fr-FR\",\"@id\":\"https:\/\/www.ingetecsa.com\/fr\/bienvenue\/#primaryimage\",\"url\":\"https:\/\/www.ingetecsa.com\/contenido\/subidas\/2020\/11\/about-banner-3-scaled.jpg\",\"contentUrl\":\"https:\/\/www.ingetecsa.com\/contenido\/subidas\/2020\/11\/about-banner-3-scaled.jpg\",\"width\":2560,\"height\":457},{\"@type\":\"BreadcrumbList\",\"@id\":\"https:\/\/www.ingetecsa.com\/fr\/bienvenue\/#breadcrumb\",\"itemListElement\":[{\"@type\":\"ListItem\",\"position\":1,\"name\":\"Home\",\"item\":\"https:\/\/www.ingetecsa.com\/fr\/\"},{\"@type\":\"ListItem\",\"position\":2,\"name\":\"Bienvenue\"}]},{\"@type\":\"WebSite\",\"@id\":\"https:\/\/www.ingetecsa.com\/fr\/#website\",\"url\":\"https:\/\/www.ingetecsa.com\/fr\/\",\"name\":\"Ingetecsa\",\"description\":\"\",\"publisher\":{\"@id\":\"https:\/\/www.ingetecsa.com\/fr\/#organization\"},\"potentialAction\":[{\"@type\":\"SearchAction\",\"target\":{\"@type\":\"EntryPoint\",\"urlTemplate\":\"https:\/\/www.ingetecsa.com\/fr\/?s={search_term_string}\"},\"query-input\":{\"@type\":\"PropertyValueSpecification\",\"valueRequired\":true,\"valueName\":\"search_term_string\"}}],\"inLanguage\":\"fr-FR\"},{\"@type\":\"Organization\",\"@id\":\"https:\/\/www.ingetecsa.com\/fr\/#organization\",\"name\":\"Ingetecsa\",\"url\":\"https:\/\/www.ingetecsa.com\/fr\/\",\"logo\":{\"@type\":\"ImageObject\",\"inLanguage\":\"fr-FR\",\"@id\":\"https:\/\/www.ingetecsa.com\/fr\/#\/schema\/logo\/image\/\",\"url\":\"https:\/\/www.ingetecsa.com\/contenido\/subidas\/2023\/06\/small-edited-logo.png\",\"contentUrl\":\"https:\/\/www.ingetecsa.com\/contenido\/subidas\/2023\/06\/small-edited-logo.png\",\"width\":696,\"height\":89,\"caption\":\"Ingetecsa\"},\"image\":{\"@id\":\"https:\/\/www.ingetecsa.com\/fr\/#\/schema\/logo\/image\/\"}}]}<\/script>\n<!-- \/ Yoast SEO plugin. -->","yoast_head_json":{"title":"Nos solutions pour vos applications de s\u00e9chage\/refroidissement - Ingetecsa","description":"Ingetecsa fournit des solutions de s\u00e9chage et de refroidissement pour votre application. Nous disposons d'une gamme unique pour r\u00e9soudre votre probl\u00e8me.","robots":{"index":"index","follow":"follow","max-snippet":"max-snippet:-1","max-image-preview":"max-image-preview:large","max-video-preview":"max-video-preview:-1"},"canonical":"https:\/\/www.ingetecsa.com\/fr\/bienvenue\/","og_locale":"fr_FR","og_type":"article","og_title":"Nos solutions pour vos applications de s\u00e9chage\/refroidissement - Ingetecsa","og_description":"Ingetecsa fournit des solutions de s\u00e9chage et de refroidissement pour votre application. Nous disposons d'une gamme unique pour r\u00e9soudre votre probl\u00e8me.","og_url":"https:\/\/www.ingetecsa.com\/fr\/bienvenue\/","og_site_name":"Ingetecsa","article_modified_time":"2025-09-09T23:40:47+00:00","og_image":[{"width":2560,"height":457,"url":"https:\/\/www.ingetecsa.com\/contenido\/subidas\/2020\/11\/about-banner-3-scaled.jpg","type":"image\/jpeg"}],"twitter_card":"summary_large_image","twitter_misc":{"Dur\u00e9e de lecture estim\u00e9e":"1 minute"},"schema":{"@context":"https:\/\/schema.org","@graph":[{"@type":"WebPage","@id":"https:\/\/www.ingetecsa.com\/fr\/bienvenue\/","url":"https:\/\/www.ingetecsa.com\/fr\/bienvenue\/","name":"Nos solutions pour vos applications de s\u00e9chage\/refroidissement - Ingetecsa","isPartOf":{"@id":"https:\/\/www.ingetecsa.com\/fr\/#website"},"primaryImageOfPage":{"@id":"https:\/\/www.ingetecsa.com\/fr\/bienvenue\/#primaryimage"},"image":{"@id":"https:\/\/www.ingetecsa.com\/fr\/bienvenue\/#primaryimage"},"thumbnailUrl":"https:\/\/www.ingetecsa.com\/contenido\/subidas\/2020\/11\/about-banner-3-scaled.jpg","datePublished":"2020-10-09T07:25:58+00:00","dateModified":"2025-09-09T23:40:47+00:00","description":"Ingetecsa fournit des solutions de s\u00e9chage et de refroidissement pour votre application. Nous disposons d'une gamme unique pour r\u00e9soudre votre probl\u00e8me.","breadcrumb":{"@id":"https:\/\/www.ingetecsa.com\/fr\/bienvenue\/#breadcrumb"},"inLanguage":"fr-FR","potentialAction":[{"@type":"ReadAction","target":["https:\/\/www.ingetecsa.com\/fr\/bienvenue\/"]}]},{"@type":"ImageObject","inLanguage":"fr-FR","@id":"https:\/\/www.ingetecsa.com\/fr\/bienvenue\/#primaryimage","url":"https:\/\/www.ingetecsa.com\/contenido\/subidas\/2020\/11\/about-banner-3-scaled.jpg","contentUrl":"https:\/\/www.ingetecsa.com\/contenido\/subidas\/2020\/11\/about-banner-3-scaled.jpg","width":2560,"height":457},{"@type":"BreadcrumbList","@id":"https:\/\/www.ingetecsa.com\/fr\/bienvenue\/#breadcrumb","itemListElement":[{"@type":"ListItem","position":1,"name":"Home","item":"https:\/\/www.ingetecsa.com\/fr\/"},{"@type":"ListItem","position":2,"name":"Bienvenue"}]},{"@type":"WebSite","@id":"https:\/\/www.ingetecsa.com\/fr\/#website","url":"https:\/\/www.ingetecsa.com\/fr\/","name":"Ingetecsa","description":"","publisher":{"@id":"https:\/\/www.ingetecsa.com\/fr\/#organization"},"potentialAction":[{"@type":"SearchAction","target":{"@type":"EntryPoint","urlTemplate":"https:\/\/www.ingetecsa.com\/fr\/?s={search_term_string}"},"query-input":{"@type":"PropertyValueSpecification","valueRequired":true,"valueName":"search_term_string"}}],"inLanguage":"fr-FR"},{"@type":"Organization","@id":"https:\/\/www.ingetecsa.com\/fr\/#organization","name":"Ingetecsa","url":"https:\/\/www.ingetecsa.com\/fr\/","logo":{"@type":"ImageObject","inLanguage":"fr-FR","@id":"https:\/\/www.ingetecsa.com\/fr\/#\/schema\/logo\/image\/","url":"https:\/\/www.ingetecsa.com\/contenido\/subidas\/2023\/06\/small-edited-logo.png","contentUrl":"https:\/\/www.ingetecsa.com\/contenido\/subidas\/2023\/06\/small-edited-logo.png","width":696,"height":89,"caption":"Ingetecsa"},"image":{"@id":"https:\/\/www.ingetecsa.com\/fr\/#\/schema\/logo\/image\/"}}]}},"_links":{"self":[{"href":"https:\/\/www.ingetecsa.com\/fr\/wp-json\/wp\/v2\/pages\/4089","targetHints":{"allow":["GET"]}}],"collection":[{"href":"https:\/\/www.ingetecsa.com\/fr\/wp-json\/wp\/v2\/pages"}],"about":[{"href":"https:\/\/www.ingetecsa.com\/fr\/wp-json\/wp\/v2\/types\/page"}],"author":[{"embeddable":true,"href":"https:\/\/www.ingetecsa.com\/fr\/wp-json\/wp\/v2\/users\/8"}],"replies":[{"embeddable":true,"href":"https:\/\/www.ingetecsa.com\/fr\/wp-json\/wp\/v2\/comments?post=4089"}],"version-history":[{"count":0,"href":"https:\/\/www.ingetecsa.com\/fr\/wp-json\/wp\/v2\/pages\/4089\/revisions"}],"wp:featuredmedia":[{"embeddable":true,"href":"https:\/\/www.ingetecsa.com\/fr\/wp-json\/wp\/v2\/media\/4091"}],"wp:attachment":[{"href":"https:\/\/www.ingetecsa.com\/fr\/wp-json\/wp\/v2\/media?parent=4089"}],"curies":[{"name":"wp","href":"https:\/\/api.w.org\/{rel}","templated":true}]}}