{"id":5249,"date":"2020-10-06T16:59:23","date_gmt":"2020-10-06T15:59:23","guid":{"rendered":"https:\/\/www.ingetecsa.com\/download-brochures\/"},"modified":"2025-09-26T09:35:38","modified_gmt":"2025-09-26T07:35:38","slug":"descargue","status":"publish","type":"page","link":"https:\/\/www.ingetecsa.com\/es\/descargue\/","title":{"rendered":"Descargue folletos"},"content":{"rendered":"\n<h1 class=\"wp-block-heading\">Descargue nuestros folletos para mayor<br>informaci\u00f3n acerca de nuestro programa.<\/h1>\n\n\n<p class=\"ht-three max-620\">Descargue nuestros folletos. Haga clic sobre la tecnolog\u00eda que se presenta m\u00e1s abajo, para descargar los folletos de su elecci\u00f3n. Hallar\u00e1 m\u00e1s informaci\u00f3n, as\u00ed como im\u00e1genes, pormenores de las aplicaciones y referencias. Si desea primero echar un vistazo a nuestro programa, haga clic <a href=\"https:\/\/www.ingetecsa.com\/es\/maquinas\/\">aqu\u00ed<\/a>.<\/p>\n<p>\u00a0<\/p>\n\n<div class=\"wp-block-image\">\n<figure class=\"alignleft\"><a href=\"https:\/\/www.ingetecsa.com\/es\/maquinas\/#Dryers\"><img decoding=\"async\" src=\"https:\/\/www.ingetecsa.com\/contenido\/subidas\/2020\/10\/download-button-white.png\" alt=\"Dowload button white\" class=\"wp-image-2901\"\/><\/a><\/figure>\n<\/div>\n\n\n<p><\/p>\n\n\n\n<figure class=\"wp-block-image size-large is-resized\"><img loading=\"lazy\" decoding=\"async\" width=\"724\" height=\"1024\" src=\"https:\/\/www.ingetecsa.com\/contenido\/subidas\/2025\/09\/company-profile-2025-cover-2-724x1024.jpg\" alt=\"\" class=\"wp-image-9537\" style=\"width:148px;height:auto\" srcset=\"https:\/\/www.ingetecsa.com\/contenido\/subidas\/2025\/09\/company-profile-2025-cover-2-724x1024.jpg 724w, https:\/\/www.ingetecsa.com\/contenido\/subidas\/2025\/09\/company-profile-2025-cover-2-212x300.jpg 212w, https:\/\/www.ingetecsa.com\/contenido\/subidas\/2025\/09\/company-profile-2025-cover-2-768x1086.jpg 768w, https:\/\/www.ingetecsa.com\/contenido\/subidas\/2025\/09\/company-profile-2025-cover-2-1086x1536.jpg 1086w, https:\/\/www.ingetecsa.com\/contenido\/subidas\/2025\/09\/company-profile-2025-cover-2-490x693.jpg 490w, https:\/\/www.ingetecsa.com\/contenido\/subidas\/2025\/09\/company-profile-2025-cover-2-980x1386.jpg 980w, https:\/\/www.ingetecsa.com\/contenido\/subidas\/2025\/09\/company-profile-2025-cover-2.jpg 1240w\" sizes=\"auto, (max-width: 724px) 100vw, 724px\" \/><\/figure>\n\n\n\n<p><strong>Company Portfolio (9 MB)<\/strong>\u00a0<a href=\"https:\/\/www.ingetecsa.com\/contenido\/subidas\/2025\/09\/company-profile-2025.pdf\" target=\"_blank\" rel=\"noreferrer noopener\">descargue<\/a><\/p>\n\n\n\n<p><\/p>\n","protected":false},"excerpt":{"rendered":"Descargue nuestros folletos para mayorinformaci\u00f3n acerca de nuestro programa. Descargue nuestros folletos. Haga clic sobre la tecnolog\u00eda que se presenta m\u00e1s abajo, para descargar los folletos de su elecci\u00f3n. Hallar\u00e1 m\u00e1s informaci\u00f3n, as\u00ed como im\u00e1genes, pormenores de las aplicaciones y referencias. Si desea primero echar un vistazo a nuestro programa, haga clic aqu\u00ed. \u00a0 Company [&hellip;]","protected":false},"author":5,"featured_media":3813,"parent":0,"menu_order":0,"comment_status":"closed","ping_status":"closed","template":"templates\/template-brochures.php","meta":{"_acf_changed":false,"footnotes":""},"class_list":["post-5249","page","type-page","status-publish","has-post-thumbnail","hentry"],"acf":[],"yoast_head":"<!-- This site is optimized with the Yoast SEO plugin v27.2 - https:\/\/yoast.com\/product\/yoast-seo-wordpress\/ -->\n<title>Descargue nuestros folletos para m\u00e1s informaci\u00f3n - Ingetecsa<\/title>\n<meta name=\"description\" content=\"Descargue uno de nuestros folletos para ver m\u00e1s im\u00e1genes y todo lo que nuestro programa de secado, enfriamiento y mezclado puede ofrecer.\" \/>\n<meta name=\"robots\" content=\"index, follow, max-snippet:-1, max-image-preview:large, max-video-preview:-1\" \/>\n<link rel=\"canonical\" href=\"https:\/\/www.ingetecsa.com\/es\/descargue\/\" \/>\n<meta property=\"og:locale\" content=\"es_ES\" \/>\n<meta property=\"og:type\" content=\"article\" \/>\n<meta property=\"og:title\" content=\"Descargue nuestros folletos para m\u00e1s informaci\u00f3n - Ingetecsa\" \/>\n<meta property=\"og:description\" content=\"Descargue uno de nuestros folletos para ver m\u00e1s im\u00e1genes y todo lo que nuestro programa de secado, enfriamiento y mezclado puede ofrecer.\" \/>\n<meta property=\"og:url\" content=\"https:\/\/www.ingetecsa.com\/es\/descargue\/\" \/>\n<meta property=\"og:site_name\" content=\"Ingetecsa\" \/>\n<meta property=\"article:modified_time\" content=\"2025-09-26T07:35:38+00:00\" \/>\n<meta property=\"og:image\" content=\"https:\/\/www.ingetecsa.com\/contenido\/subidas\/2021\/03\/books-library-shelves-collection-120472-2560x1080-copy.jpg\" \/>\n\t<meta property=\"og:image:width\" content=\"1404\" \/>\n\t<meta property=\"og:image:height\" content=\"249\" \/>\n\t<meta property=\"og:image:type\" content=\"image\/jpeg\" \/>\n<meta name=\"twitter:card\" content=\"summary_large_image\" \/>\n<meta name=\"twitter:label1\" content=\"Tiempo de lectura\" \/>\n\t<meta name=\"twitter:data1\" content=\"1 minuto\" \/>\n<script type=\"application\/ld+json\" class=\"yoast-schema-graph\">{\"@context\":\"https:\/\/schema.org\",\"@graph\":[{\"@type\":\"WebPage\",\"@id\":\"https:\/\/www.ingetecsa.com\/es\/descargue\/\",\"url\":\"https:\/\/www.ingetecsa.com\/es\/descargue\/\",\"name\":\"Descargue nuestros folletos para m\u00e1s informaci\u00f3n - Ingetecsa\",\"isPartOf\":{\"@id\":\"https:\/\/www.ingetecsa.com\/es\/#website\"},\"primaryImageOfPage\":{\"@id\":\"https:\/\/www.ingetecsa.com\/es\/descargue\/#primaryimage\"},\"image\":{\"@id\":\"https:\/\/www.ingetecsa.com\/es\/descargue\/#primaryimage\"},\"thumbnailUrl\":\"https:\/\/www.ingetecsa.com\/contenido\/subidas\/2021\/03\/books-library-shelves-collection-120472-2560x1080-copy.jpg\",\"datePublished\":\"2020-10-06T15:59:23+00:00\",\"dateModified\":\"2025-09-26T07:35:38+00:00\",\"description\":\"Descargue uno de nuestros folletos para ver m\u00e1s im\u00e1genes y todo lo que nuestro programa de secado, enfriamiento y mezclado puede ofrecer.\",\"breadcrumb\":{\"@id\":\"https:\/\/www.ingetecsa.com\/es\/descargue\/#breadcrumb\"},\"inLanguage\":\"es\",\"potentialAction\":[{\"@type\":\"ReadAction\",\"target\":[\"https:\/\/www.ingetecsa.com\/es\/descargue\/\"]}]},{\"@type\":\"ImageObject\",\"inLanguage\":\"es\",\"@id\":\"https:\/\/www.ingetecsa.com\/es\/descargue\/#primaryimage\",\"url\":\"https:\/\/www.ingetecsa.com\/contenido\/subidas\/2021\/03\/books-library-shelves-collection-120472-2560x1080-copy.jpg\",\"contentUrl\":\"https:\/\/www.ingetecsa.com\/contenido\/subidas\/2021\/03\/books-library-shelves-collection-120472-2560x1080-copy.jpg\",\"width\":1404,\"height\":249},{\"@type\":\"BreadcrumbList\",\"@id\":\"https:\/\/www.ingetecsa.com\/es\/descargue\/#breadcrumb\",\"itemListElement\":[{\"@type\":\"ListItem\",\"position\":1,\"name\":\"Home\",\"item\":\"https:\/\/www.ingetecsa.com\/es\/\"},{\"@type\":\"ListItem\",\"position\":2,\"name\":\"Descargue folletos\"}]},{\"@type\":\"WebSite\",\"@id\":\"https:\/\/www.ingetecsa.com\/es\/#website\",\"url\":\"https:\/\/www.ingetecsa.com\/es\/\",\"name\":\"Ingetecsa\",\"description\":\"\",\"publisher\":{\"@id\":\"https:\/\/www.ingetecsa.com\/es\/#organization\"},\"potentialAction\":[{\"@type\":\"SearchAction\",\"target\":{\"@type\":\"EntryPoint\",\"urlTemplate\":\"https:\/\/www.ingetecsa.com\/es\/?s={search_term_string}\"},\"query-input\":{\"@type\":\"PropertyValueSpecification\",\"valueRequired\":true,\"valueName\":\"search_term_string\"}}],\"inLanguage\":\"es\"},{\"@type\":\"Organization\",\"@id\":\"https:\/\/www.ingetecsa.com\/es\/#organization\",\"name\":\"Ingetecsa\",\"url\":\"https:\/\/www.ingetecsa.com\/es\/\",\"logo\":{\"@type\":\"ImageObject\",\"inLanguage\":\"es\",\"@id\":\"https:\/\/www.ingetecsa.com\/es\/#\/schema\/logo\/image\/\",\"url\":\"https:\/\/www.ingetecsa.com\/contenido\/subidas\/2023\/06\/small-edited-logo.png\",\"contentUrl\":\"https:\/\/www.ingetecsa.com\/contenido\/subidas\/2023\/06\/small-edited-logo.png\",\"width\":696,\"height\":89,\"caption\":\"Ingetecsa\"},\"image\":{\"@id\":\"https:\/\/www.ingetecsa.com\/es\/#\/schema\/logo\/image\/\"}}]}<\/script>\n<!-- \/ Yoast SEO plugin. -->","yoast_head_json":{"title":"Descargue nuestros folletos para m\u00e1s informaci\u00f3n - Ingetecsa","description":"Descargue uno de nuestros folletos para ver m\u00e1s im\u00e1genes y todo lo que nuestro programa de secado, enfriamiento y mezclado puede ofrecer.","robots":{"index":"index","follow":"follow","max-snippet":"max-snippet:-1","max-image-preview":"max-image-preview:large","max-video-preview":"max-video-preview:-1"},"canonical":"https:\/\/www.ingetecsa.com\/es\/descargue\/","og_locale":"es_ES","og_type":"article","og_title":"Descargue nuestros folletos para m\u00e1s informaci\u00f3n - Ingetecsa","og_description":"Descargue uno de nuestros folletos para ver m\u00e1s im\u00e1genes y todo lo que nuestro programa de secado, enfriamiento y mezclado puede ofrecer.","og_url":"https:\/\/www.ingetecsa.com\/es\/descargue\/","og_site_name":"Ingetecsa","article_modified_time":"2025-09-26T07:35:38+00:00","og_image":[{"width":1404,"height":249,"url":"https:\/\/www.ingetecsa.com\/contenido\/subidas\/2021\/03\/books-library-shelves-collection-120472-2560x1080-copy.jpg","type":"image\/jpeg"}],"twitter_card":"summary_large_image","twitter_misc":{"Tiempo de lectura":"1 minuto"},"schema":{"@context":"https:\/\/schema.org","@graph":[{"@type":"WebPage","@id":"https:\/\/www.ingetecsa.com\/es\/descargue\/","url":"https:\/\/www.ingetecsa.com\/es\/descargue\/","name":"Descargue nuestros folletos para m\u00e1s informaci\u00f3n - Ingetecsa","isPartOf":{"@id":"https:\/\/www.ingetecsa.com\/es\/#website"},"primaryImageOfPage":{"@id":"https:\/\/www.ingetecsa.com\/es\/descargue\/#primaryimage"},"image":{"@id":"https:\/\/www.ingetecsa.com\/es\/descargue\/#primaryimage"},"thumbnailUrl":"https:\/\/www.ingetecsa.com\/contenido\/subidas\/2021\/03\/books-library-shelves-collection-120472-2560x1080-copy.jpg","datePublished":"2020-10-06T15:59:23+00:00","dateModified":"2025-09-26T07:35:38+00:00","description":"Descargue uno de nuestros folletos para ver m\u00e1s im\u00e1genes y todo lo que nuestro programa de secado, enfriamiento y mezclado puede ofrecer.","breadcrumb":{"@id":"https:\/\/www.ingetecsa.com\/es\/descargue\/#breadcrumb"},"inLanguage":"es","potentialAction":[{"@type":"ReadAction","target":["https:\/\/www.ingetecsa.com\/es\/descargue\/"]}]},{"@type":"ImageObject","inLanguage":"es","@id":"https:\/\/www.ingetecsa.com\/es\/descargue\/#primaryimage","url":"https:\/\/www.ingetecsa.com\/contenido\/subidas\/2021\/03\/books-library-shelves-collection-120472-2560x1080-copy.jpg","contentUrl":"https:\/\/www.ingetecsa.com\/contenido\/subidas\/2021\/03\/books-library-shelves-collection-120472-2560x1080-copy.jpg","width":1404,"height":249},{"@type":"BreadcrumbList","@id":"https:\/\/www.ingetecsa.com\/es\/descargue\/#breadcrumb","itemListElement":[{"@type":"ListItem","position":1,"name":"Home","item":"https:\/\/www.ingetecsa.com\/es\/"},{"@type":"ListItem","position":2,"name":"Descargue folletos"}]},{"@type":"WebSite","@id":"https:\/\/www.ingetecsa.com\/es\/#website","url":"https:\/\/www.ingetecsa.com\/es\/","name":"Ingetecsa","description":"","publisher":{"@id":"https:\/\/www.ingetecsa.com\/es\/#organization"},"potentialAction":[{"@type":"SearchAction","target":{"@type":"EntryPoint","urlTemplate":"https:\/\/www.ingetecsa.com\/es\/?s={search_term_string}"},"query-input":{"@type":"PropertyValueSpecification","valueRequired":true,"valueName":"search_term_string"}}],"inLanguage":"es"},{"@type":"Organization","@id":"https:\/\/www.ingetecsa.com\/es\/#organization","name":"Ingetecsa","url":"https:\/\/www.ingetecsa.com\/es\/","logo":{"@type":"ImageObject","inLanguage":"es","@id":"https:\/\/www.ingetecsa.com\/es\/#\/schema\/logo\/image\/","url":"https:\/\/www.ingetecsa.com\/contenido\/subidas\/2023\/06\/small-edited-logo.png","contentUrl":"https:\/\/www.ingetecsa.com\/contenido\/subidas\/2023\/06\/small-edited-logo.png","width":696,"height":89,"caption":"Ingetecsa"},"image":{"@id":"https:\/\/www.ingetecsa.com\/es\/#\/schema\/logo\/image\/"}}]}},"_links":{"self":[{"href":"https:\/\/www.ingetecsa.com\/es\/wp-json\/wp\/v2\/pages\/5249","targetHints":{"allow":["GET"]}}],"collection":[{"href":"https:\/\/www.ingetecsa.com\/es\/wp-json\/wp\/v2\/pages"}],"about":[{"href":"https:\/\/www.ingetecsa.com\/es\/wp-json\/wp\/v2\/types\/page"}],"author":[{"embeddable":true,"href":"https:\/\/www.ingetecsa.com\/es\/wp-json\/wp\/v2\/users\/5"}],"replies":[{"embeddable":true,"href":"https:\/\/www.ingetecsa.com\/es\/wp-json\/wp\/v2\/comments?post=5249"}],"version-history":[{"count":0,"href":"https:\/\/www.ingetecsa.com\/es\/wp-json\/wp\/v2\/pages\/5249\/revisions"}],"wp:featuredmedia":[{"embeddable":true,"href":"https:\/\/www.ingetecsa.com\/es\/wp-json\/wp\/v2\/media\/3813"}],"wp:attachment":[{"href":"https:\/\/www.ingetecsa.com\/es\/wp-json\/wp\/v2\/media?parent=5249"}],"curies":[{"name":"wp","href":"https:\/\/api.w.org\/{rel}","templated":true}]}}