{"id":2041,"date":"2020-11-26T09:30:00","date_gmt":"2020-11-26T08:30:00","guid":{"rendered":"https:\/\/www.ingetecsa.net\/?page_id=2041"},"modified":"2023-04-04T07:47:39","modified_gmt":"2023-04-04T05:47:39","slug":"planta-piloto","status":"publish","type":"page","link":"https:\/\/www.ingetecsa.com\/es\/planta-piloto\/","title":{"rendered":"Unidades piloto"},"content":{"rendered":"<h2><strong>Nuestros compa\u00f1eros del equipo de testadoest\u00e1n disponibles para el testado de sus productos, as\u00ed como para hacer avanzar el desarrollo de nuestros propios procesos. Nuestro laboratorio y centro de testado I+D se encuentra convenientemente ubicado en las cercan\u00edas de Barcelona. En el centro de testado I+D contamos con un conjunto de modernas unidades piloto.<\/strong><\/h2>\n<p>Nuestras unidades piloto no son solo expertos en el \u00e1mbito t\u00e9rmico, sino tambi\u00e9n capacitados ingenieros de testado y saben c\u00f3mo operar su proceso. Simulan y optimizan sus procesos de producci\u00f3n, y determinan la configuraci\u00f3n ideal de los par\u00e1metros de sus procesos.<\/p>\n<p>Nuestras unidades de testado est\u00e1n disponibles para que nuestros clientes las utilicen en sus propias instalaciones. Nuestro ingeniero de testado dispondr\u00e1 el equipamiento necesario y le instruir\u00e1 en el uso del mismo. Ello permite a nuestros clientes poner a prueba y desarrollar sus productos a su propio ritmo, as\u00ed como producir muestras para el mercado, si as\u00ed lo requieren, o llevar a cabo la producci\u00f3n en lotes mayores.<\/p>\n<p>En nuestro centro de testado no podemos testar todos los productos, por lo que los productos altamente perecederos, peligrosos o radioactivos debemos testarlos en una ubicaci\u00f3n m\u00e1s cercana a la del cliente. Nuestras unidades de testado se desmantelan con facilidad, por lo que podemos transportarlas por todo el mundo hasta cualquier ubicaci\u00f3n, ya sea por cami\u00f3n, por avi\u00f3n o por contenedor mar\u00edtimo. En nuestras instalaciones, nuestro ingeniero de testado establece el equipamiento de testado y dirige las pruebas, en estrecha cooperaci\u00f3n con el cliente.<\/p>\n<p><a href=\"https:\/\/www.ingetecsa.com\/es\/contact\/\"><strong>Contacte con nosotros<\/strong><\/a> si desea saber m\u00e1s sobre c\u00f3mo podemos ayudarle con el testado de su producto, ya sea en nuestro centro de testado o en sus propias instalaciones.<\/p>\n","protected":false},"excerpt":{"rendered":"Nuestros compa\u00f1eros del equipo de testadoest\u00e1n disponibles para el testado de sus productos, as\u00ed como para hacer avanzar el desarrollo de nuestros propios procesos. Nuestro laboratorio y centro de testado I+D se encuentra convenientemente ubicado en las cercan\u00edas de Barcelona. En el centro de testado I+D contamos con un conjunto de modernas unidades piloto. Nuestras [&hellip;]","protected":false},"author":5,"featured_media":1449,"parent":0,"menu_order":0,"comment_status":"closed","ping_status":"closed","template":"templates\/template-generic-two.php","meta":{"_acf_changed":false,"footnotes":""},"class_list":["post-2041","page","type-page","status-publish","has-post-thumbnail","hentry"],"acf":[],"yoast_head":"<!-- This site is optimized with the Yoast SEO plugin v27.2 - https:\/\/yoast.com\/product\/yoast-seo-wordpress\/ -->\n<title>Nuestras unidades piloto est\u00e1n a su disposici\u00f3n - Ingetecsa<\/title>\n<meta name=\"description\" content=\"Nuestras unidades piloto est\u00e1n a su disposici\u00f3n para poner a prueba sus productos. En nuestro centro de testado I+D contamos con un conjunto de modernas unidades piloto entre las que escoger.\" \/>\n<meta name=\"robots\" content=\"index, follow, max-snippet:-1, max-image-preview:large, max-video-preview:-1\" \/>\n<link rel=\"canonical\" href=\"https:\/\/www.ingetecsa.com\/es\/planta-piloto\/\" \/>\n<meta property=\"og:locale\" content=\"es_ES\" \/>\n<meta property=\"og:type\" content=\"article\" \/>\n<meta property=\"og:title\" content=\"Nuestras unidades piloto est\u00e1n a su disposici\u00f3n - Ingetecsa\" \/>\n<meta property=\"og:description\" content=\"Nuestras unidades piloto est\u00e1n a su disposici\u00f3n para poner a prueba sus productos. En nuestro centro de testado I+D contamos con un conjunto de modernas unidades piloto entre las que escoger.\" \/>\n<meta property=\"og:url\" content=\"https:\/\/www.ingetecsa.com\/es\/planta-piloto\/\" \/>\n<meta property=\"og:site_name\" content=\"Ingetecsa\" \/>\n<meta property=\"article:modified_time\" content=\"2023-04-04T05:47:39+00:00\" \/>\n<meta property=\"og:image\" content=\"https:\/\/www.ingetecsa.com\/contenido\/subidas\/2020\/11\/pilot-banner-scaled.jpg\" \/>\n\t<meta property=\"og:image:width\" content=\"2560\" \/>\n\t<meta property=\"og:image:height\" content=\"457\" \/>\n\t<meta property=\"og:image:type\" content=\"image\/jpeg\" \/>\n<meta name=\"twitter:card\" content=\"summary_large_image\" \/>\n<meta name=\"twitter:label1\" content=\"Tiempo de lectura\" \/>\n\t<meta name=\"twitter:data1\" content=\"2 minutos\" \/>\n<script type=\"application\/ld+json\" class=\"yoast-schema-graph\">{\"@context\":\"https:\/\/schema.org\",\"@graph\":[{\"@type\":\"WebPage\",\"@id\":\"https:\/\/www.ingetecsa.com\/es\/planta-piloto\/\",\"url\":\"https:\/\/www.ingetecsa.com\/es\/planta-piloto\/\",\"name\":\"Nuestras unidades piloto est\u00e1n a su disposici\u00f3n - Ingetecsa\",\"isPartOf\":{\"@id\":\"https:\/\/www.ingetecsa.com\/es\/#website\"},\"primaryImageOfPage\":{\"@id\":\"https:\/\/www.ingetecsa.com\/es\/planta-piloto\/#primaryimage\"},\"image\":{\"@id\":\"https:\/\/www.ingetecsa.com\/es\/planta-piloto\/#primaryimage\"},\"thumbnailUrl\":\"https:\/\/www.ingetecsa.com\/contenido\/subidas\/2020\/11\/pilot-banner-scaled.jpg\",\"datePublished\":\"2020-11-26T08:30:00+00:00\",\"dateModified\":\"2023-04-04T05:47:39+00:00\",\"description\":\"Nuestras unidades piloto est\u00e1n a su disposici\u00f3n para poner a prueba sus productos. En nuestro centro de testado I+D contamos con un conjunto de modernas unidades piloto entre las que escoger.\",\"breadcrumb\":{\"@id\":\"https:\/\/www.ingetecsa.com\/es\/planta-piloto\/#breadcrumb\"},\"inLanguage\":\"es\",\"potentialAction\":[{\"@type\":\"ReadAction\",\"target\":[\"https:\/\/www.ingetecsa.com\/es\/planta-piloto\/\"]}]},{\"@type\":\"ImageObject\",\"inLanguage\":\"es\",\"@id\":\"https:\/\/www.ingetecsa.com\/es\/planta-piloto\/#primaryimage\",\"url\":\"https:\/\/www.ingetecsa.com\/contenido\/subidas\/2020\/11\/pilot-banner-scaled.jpg\",\"contentUrl\":\"https:\/\/www.ingetecsa.com\/contenido\/subidas\/2020\/11\/pilot-banner-scaled.jpg\",\"width\":2560,\"height\":457,\"caption\":\"Ingetecsa test centre-banner\"},{\"@type\":\"BreadcrumbList\",\"@id\":\"https:\/\/www.ingetecsa.com\/es\/planta-piloto\/#breadcrumb\",\"itemListElement\":[{\"@type\":\"ListItem\",\"position\":1,\"name\":\"Home\",\"item\":\"https:\/\/www.ingetecsa.com\/es\/\"},{\"@type\":\"ListItem\",\"position\":2,\"name\":\"Unidades piloto\"}]},{\"@type\":\"WebSite\",\"@id\":\"https:\/\/www.ingetecsa.com\/es\/#website\",\"url\":\"https:\/\/www.ingetecsa.com\/es\/\",\"name\":\"Ingetecsa\",\"description\":\"\",\"publisher\":{\"@id\":\"https:\/\/www.ingetecsa.com\/es\/#organization\"},\"potentialAction\":[{\"@type\":\"SearchAction\",\"target\":{\"@type\":\"EntryPoint\",\"urlTemplate\":\"https:\/\/www.ingetecsa.com\/es\/?s={search_term_string}\"},\"query-input\":{\"@type\":\"PropertyValueSpecification\",\"valueRequired\":true,\"valueName\":\"search_term_string\"}}],\"inLanguage\":\"es\"},{\"@type\":\"Organization\",\"@id\":\"https:\/\/www.ingetecsa.com\/es\/#organization\",\"name\":\"Ingetecsa\",\"url\":\"https:\/\/www.ingetecsa.com\/es\/\",\"logo\":{\"@type\":\"ImageObject\",\"inLanguage\":\"es\",\"@id\":\"https:\/\/www.ingetecsa.com\/es\/#\/schema\/logo\/image\/\",\"url\":\"https:\/\/www.ingetecsa.com\/contenido\/subidas\/2023\/06\/small-edited-logo.png\",\"contentUrl\":\"https:\/\/www.ingetecsa.com\/contenido\/subidas\/2023\/06\/small-edited-logo.png\",\"width\":696,\"height\":89,\"caption\":\"Ingetecsa\"},\"image\":{\"@id\":\"https:\/\/www.ingetecsa.com\/es\/#\/schema\/logo\/image\/\"}}]}<\/script>\n<!-- \/ Yoast SEO plugin. -->","yoast_head_json":{"title":"Nuestras unidades piloto est\u00e1n a su disposici\u00f3n - Ingetecsa","description":"Nuestras unidades piloto est\u00e1n a su disposici\u00f3n para poner a prueba sus productos. En nuestro centro de testado I+D contamos con un conjunto de modernas unidades piloto entre las que escoger.","robots":{"index":"index","follow":"follow","max-snippet":"max-snippet:-1","max-image-preview":"max-image-preview:large","max-video-preview":"max-video-preview:-1"},"canonical":"https:\/\/www.ingetecsa.com\/es\/planta-piloto\/","og_locale":"es_ES","og_type":"article","og_title":"Nuestras unidades piloto est\u00e1n a su disposici\u00f3n - Ingetecsa","og_description":"Nuestras unidades piloto est\u00e1n a su disposici\u00f3n para poner a prueba sus productos. En nuestro centro de testado I+D contamos con un conjunto de modernas unidades piloto entre las que escoger.","og_url":"https:\/\/www.ingetecsa.com\/es\/planta-piloto\/","og_site_name":"Ingetecsa","article_modified_time":"2023-04-04T05:47:39+00:00","og_image":[{"width":2560,"height":457,"url":"https:\/\/www.ingetecsa.com\/contenido\/subidas\/2020\/11\/pilot-banner-scaled.jpg","type":"image\/jpeg"}],"twitter_card":"summary_large_image","twitter_misc":{"Tiempo de lectura":"2 minutos"},"schema":{"@context":"https:\/\/schema.org","@graph":[{"@type":"WebPage","@id":"https:\/\/www.ingetecsa.com\/es\/planta-piloto\/","url":"https:\/\/www.ingetecsa.com\/es\/planta-piloto\/","name":"Nuestras unidades piloto est\u00e1n a su disposici\u00f3n - Ingetecsa","isPartOf":{"@id":"https:\/\/www.ingetecsa.com\/es\/#website"},"primaryImageOfPage":{"@id":"https:\/\/www.ingetecsa.com\/es\/planta-piloto\/#primaryimage"},"image":{"@id":"https:\/\/www.ingetecsa.com\/es\/planta-piloto\/#primaryimage"},"thumbnailUrl":"https:\/\/www.ingetecsa.com\/contenido\/subidas\/2020\/11\/pilot-banner-scaled.jpg","datePublished":"2020-11-26T08:30:00+00:00","dateModified":"2023-04-04T05:47:39+00:00","description":"Nuestras unidades piloto est\u00e1n a su disposici\u00f3n para poner a prueba sus productos. En nuestro centro de testado I+D contamos con un conjunto de modernas unidades piloto entre las que escoger.","breadcrumb":{"@id":"https:\/\/www.ingetecsa.com\/es\/planta-piloto\/#breadcrumb"},"inLanguage":"es","potentialAction":[{"@type":"ReadAction","target":["https:\/\/www.ingetecsa.com\/es\/planta-piloto\/"]}]},{"@type":"ImageObject","inLanguage":"es","@id":"https:\/\/www.ingetecsa.com\/es\/planta-piloto\/#primaryimage","url":"https:\/\/www.ingetecsa.com\/contenido\/subidas\/2020\/11\/pilot-banner-scaled.jpg","contentUrl":"https:\/\/www.ingetecsa.com\/contenido\/subidas\/2020\/11\/pilot-banner-scaled.jpg","width":2560,"height":457,"caption":"Ingetecsa test centre-banner"},{"@type":"BreadcrumbList","@id":"https:\/\/www.ingetecsa.com\/es\/planta-piloto\/#breadcrumb","itemListElement":[{"@type":"ListItem","position":1,"name":"Home","item":"https:\/\/www.ingetecsa.com\/es\/"},{"@type":"ListItem","position":2,"name":"Unidades piloto"}]},{"@type":"WebSite","@id":"https:\/\/www.ingetecsa.com\/es\/#website","url":"https:\/\/www.ingetecsa.com\/es\/","name":"Ingetecsa","description":"","publisher":{"@id":"https:\/\/www.ingetecsa.com\/es\/#organization"},"potentialAction":[{"@type":"SearchAction","target":{"@type":"EntryPoint","urlTemplate":"https:\/\/www.ingetecsa.com\/es\/?s={search_term_string}"},"query-input":{"@type":"PropertyValueSpecification","valueRequired":true,"valueName":"search_term_string"}}],"inLanguage":"es"},{"@type":"Organization","@id":"https:\/\/www.ingetecsa.com\/es\/#organization","name":"Ingetecsa","url":"https:\/\/www.ingetecsa.com\/es\/","logo":{"@type":"ImageObject","inLanguage":"es","@id":"https:\/\/www.ingetecsa.com\/es\/#\/schema\/logo\/image\/","url":"https:\/\/www.ingetecsa.com\/contenido\/subidas\/2023\/06\/small-edited-logo.png","contentUrl":"https:\/\/www.ingetecsa.com\/contenido\/subidas\/2023\/06\/small-edited-logo.png","width":696,"height":89,"caption":"Ingetecsa"},"image":{"@id":"https:\/\/www.ingetecsa.com\/es\/#\/schema\/logo\/image\/"}}]}},"_links":{"self":[{"href":"https:\/\/www.ingetecsa.com\/es\/wp-json\/wp\/v2\/pages\/2041","targetHints":{"allow":["GET"]}}],"collection":[{"href":"https:\/\/www.ingetecsa.com\/es\/wp-json\/wp\/v2\/pages"}],"about":[{"href":"https:\/\/www.ingetecsa.com\/es\/wp-json\/wp\/v2\/types\/page"}],"author":[{"embeddable":true,"href":"https:\/\/www.ingetecsa.com\/es\/wp-json\/wp\/v2\/users\/5"}],"replies":[{"embeddable":true,"href":"https:\/\/www.ingetecsa.com\/es\/wp-json\/wp\/v2\/comments?post=2041"}],"version-history":[{"count":0,"href":"https:\/\/www.ingetecsa.com\/es\/wp-json\/wp\/v2\/pages\/2041\/revisions"}],"wp:featuredmedia":[{"embeddable":true,"href":"https:\/\/www.ingetecsa.com\/es\/wp-json\/wp\/v2\/media\/1449"}],"wp:attachment":[{"href":"https:\/\/www.ingetecsa.com\/es\/wp-json\/wp\/v2\/media?parent=2041"}],"curies":[{"name":"wp","href":"https:\/\/api.w.org\/{rel}","templated":true}]}}