{"id":10020,"date":"2020-12-14T09:07:57","date_gmt":"2020-12-14T08:07:57","guid":{"rendered":"https:\/\/www.ingetecsa.com\/legal\/"},"modified":"2020-12-14T09:07:57","modified_gmt":"2020-12-14T08:07:57","slug":"legal","status":"publish","type":"page","link":"https:\/\/www.ingetecsa.com\/es\/legal\/","title":{"rendered":"Pol\u00edtica de privacidad y Aviso Legal"},"content":{"rendered":"<h3>Pol\u00edtica de Confidencialidad y Protecci\u00f3n de Datos<\/h3>\n<p>Ingenier\u00eda y T\u00e9cnica del Secado, S.A. (en adelante INGETECSA) est\u00e1 comprometida con la debida diligencia y cumplimiento de la normativa de Protecci\u00f3n de Datos.<\/p>\n<p>A continuaci\u00f3n, se expone la informaci\u00f3n detallada sobre la pol\u00edtica de confidencialidad y Protecci\u00f3n de Datos de car\u00e1cter personal en cumplimiento de lo dispuesto en el art\u00edculo 13 del Reglamento (UE) 2016\/679 del Parlamento Europeo y del Consejo, de 27 de abril de 2016, relativo a la protecci\u00f3n de las personas f\u00edsicas en lo que respecta al tratamiento de datos personales y a la libre circulaci\u00f3n de estos datos (Reglamento General de Protecci\u00f3n de Datos o RGPD).<\/p>\n<p><strong>Datos del Responsable del Tratamiento<\/strong><br \/>\nIngenier\u00eda y T\u00e9cnica del Secado, S.A.<br \/>\nPol. Sector Autop\u00edsta<br \/>\nCarrer Cam\u00ed de Montmel\u00f3, 8<br \/>\n08150 Parets del Vall\u00e8s, (Barcelona) SPAIN<br \/>\nTel. +34 932 466 544<br \/>\ningetecsa@ingetecsa.com<\/p>\n<p><strong>Finalidades del tratamiento<\/strong><br \/>\nINGETECA tratar\u00e1 la informaci\u00f3n que nos proporcionan las personas interesadas con las siguientes finalidades:<\/p>\n<ul>\n<li>Gestionar su atenci\u00f3n, visita y reuni\u00f3n en nuestras instalaciones, as\u00ed como la gesti\u00f3n y realizaci\u00f3n de los servicios \/ productos contratados.<\/li>\n<li>Gestionar cualquier tipo de solicitud, sugerencia o petici\u00f3n sobre nuestros servicios profesionales que nos formulen las personas interesadas.<\/li>\n<li>Comunicaciones informativas y comerciales: tratamiento de sus datos con la finalidad de informarle sobre actividades, art\u00edculos de inter\u00e9s e informaci\u00f3n general relacionados con nuestra actividad y los servicios \/ productos contratados.<\/li>\n<li>Gestionar datos aportados por los candidatos a un puesto de trabajo a trav\u00e9s del Curr\u00edculum Vitae (CV) con la finalidad de proceso de selecci\u00f3n y reclutamiento.<\/li>\n<li>Para el buen fin y desarrollo de su atenci\u00f3n y gesti\u00f3n de las finalidades anteriores, el titular consiente el tratamiento de sus datos para los fines anteriores, todo ello bajo el m\u00e1s estricto cumplimiento de la normativa de Protecci\u00f3n de Datos y la pol\u00edtica que le estamos detallando. En cualquier momento podr\u00e1 ejercitar sus derechos (ver apartado espec\u00edfico).<\/li>\n<\/ul>\n<p><strong>Criterios de conservaci\u00f3n de los datos<\/strong><br \/>\nGesti\u00f3n de servicios \/ productos contratados con la Entidad: los datos de car\u00e1cter personal aportados en los contratos, ofertas y\/o propuesta de servicios, as\u00ed como los del resto de personas cuya intervenci\u00f3n sea necesaria, ser\u00e1n conservados durante el tiempo que est\u00e9n vigentes los servicios contratados. Al finalizar la prestaci\u00f3n del servicio\/s contratado\/s, los datos de car\u00e1cter personal ser\u00e1n conservados en los supuestos que se pudieran derivar responsabilidades con la Entidad y\/o en cumplimiento de otros marcos normativos que le sean de aplicaci\u00f3n a la Entidad o de una norma con rango de ley que exija a la conservaci\u00f3n de estos. Los datos de car\u00e1cter personal se mantendr\u00e1n de forma que permitan la identificaci\u00f3n y el ejercicio de los Derechos de los afectados y, bajo las medidas t\u00e9cnicas jur\u00eddicas y organizativas que resulten necesarias para garantizar la confidencialidad e integridad de estos.<\/p>\n<p>Gesti\u00f3n Curr\u00edculum Vitae: la Entidad, como norma, conserva su Curr\u00edculum Vitae por el plazo m\u00e1ximo de un a\u00f1o; concluido dicho plazo, se proceder\u00e1 autom\u00e1ticamente a su destrucci\u00f3n, en cumplimiento del principio de calidad del dato.<\/p>\n<p>Otros: el resto de los datos e informaci\u00f3n aportada por el usuario por cualquier medido, ser\u00e1n conservados durante el tiempo que sea necesario para cumplir la finalidad para la que fueron recabados.<\/p>\n<p><strong>Legitimaci\u00f3n<br \/>\n<\/strong>La base legal que habilita a INGETECSA para poder tratar los datos de car\u00e1cter personal de los usuarios, clientes, clientes potenciales en virtud de los siguientes t\u00edtulos:<\/p>\n<ul>\n<li>El consentimiento de las personas interesadas para la tramitaci\u00f3n y gesti\u00f3n de cualquier solicitud de informaci\u00f3n o consulta sobre nuestros servicios y productos.<\/li>\n<li>El Consentimiento prestado por los Candidatos a puesto de trabajo con fines de selecci\u00f3n y reclutamiento.<\/li>\n<li>El marco de prestaci\u00f3n y\/o contrataci\u00f3n de servicios \/ productos con la Entidad.<\/li>\n<li>El inter\u00e9s leg\u00edtimo para remitirle comunicaciones informativas, comerciales y\/u ofertas promocionales relacionadas con la actividad de la Entidad y los servicios \/ productos contratados a trav\u00e9s de correo electr\u00f3nico o cualquier otro medio.<\/li>\n<\/ul>\n<p><strong>Destinatarios<br \/>\n<\/strong>No se ceden datos de car\u00e1cter personal a terceros, salvo disposici\u00f3n legal.<\/p>\n<p><strong>Procedencia<br \/>\n<\/strong>Los datos de car\u00e1cter personal se obtienen directamente de las personas interesadas y de nuestros colaboradores. Las categor\u00edas de datos de car\u00e1cter personal que nos proporciona nuestros colaboradores son las siguientes:<\/p>\n<ul>\n<li>Datos de identificaci\u00f3n.<\/li>\n<li>Direcciones postales o electr\u00f3nicas.<\/li>\n<li>Datos facilitados y\/o consentidos por los propios interesados relacionados y necesarios para la gesti\u00f3n y realizaci\u00f3n del servicio \/ producto solicitado.<\/li>\n<\/ul>\n<h5>Derechos<\/h5>\n<p><strong>Derecho de Acceso, Rectificaci\u00f3n y Supresi\u00f3n<\/strong>:<br \/>\nLas personas interesadas tienen derecho a obtener confirmaci\u00f3n sobre si en INGETECA estamos tratando datos personales que les conciernan, o no. Las personas interesadas tienen derecho a acceder a sus datos personales, as\u00ed como a solicitar la rectificaci\u00f3n de los datos inexactos o solicitar su supresi\u00f3n cuando, entre otros motivos, los datos ya no sean necesarios para los fines que fueron recogidos.<\/p>\n<p><strong>Derecho a la Limitaci\u00f3n y Oposici\u00f3n<\/strong>:<br \/>\nEn determinadas circunstancias, los interesados podr\u00e1n solicitar la limitaci\u00f3n del tratamiento de sus datos, en cuyo caso \u00fanicamente los conservaremos para el ejercicio o la defensa de reclamaciones. En determinadas circunstancias y, por motivos relacionados con su situaci\u00f3n particular, los interesados podr\u00e1n oponerse al tratamiento de sus datos. INGETECSA dejar\u00e1 de tratar los datos en este supuesto, salvo por motivos leg\u00edtimos imperiosos, o para el ejercicio o la defensa de posibles reclamaciones.<\/p>\n<p><strong>Atenci\u00f3n y soporte<\/strong><br \/>\nLas personas interesadas podr\u00e1n comunicar a la Entidad cualquier duda sobre el tratamiento de sus datos de car\u00e1cter personal o interpretaci\u00f3n de nuestra pol\u00edtica, contactando con el Responsable de Protecci\u00f3n de Datos (RPD) en la direcci\u00f3n ingetecsa@ingetecsa.com<\/p>\n<h4>Aviso Legal<\/h4>\n<p><strong>Legal<\/strong><br \/>\nEl dominio: http:\/\/www.ingetecsa.com es propiedad de la empresa Ingenier\u00eda y T\u00e9cnica del Secado, S.A. (en adelante INGETECSA), Con CIF A08349458. El domicilio comercial de la empresa es Carrer Cam\u00ed de Montmel\u00f3, 8, 08150 Parets del Vall\u00e8s, (Barcelona) SPAIN. Tambi\u00e9n puede ponerse en contacto con nosotros en el tel. +34 932 466 544 o e-mail: ingetecsa@ingetecsa.com.<\/p>\n<p><strong>Propiedad intelectual e industrial:<\/strong><br \/>\nLa totalidad del contenido de este sitio web est\u00e1 protegido por derechos de propiedad industrial e intelectual que el usuario de este sitio web debe respetar. Queda prohibida la reproducci\u00f3n, excepto para uso privado. La comunicaci\u00f3n o distribuci\u00f3n de los materiales incluidos en este sitio web sin autorizaci\u00f3n expresa de INGETECSA.<\/p>\n<p><strong>Responsabilidad en los enlaces:<\/strong><br \/>\nIngenier\u00eda incluye en su sitio web una serie de enlaces a p\u00e1ginas de sus clientes y proveedores \u00fanicamente con la intenci\u00f3n de hacer publicidad de los trabajos efectuados por encargo de \u00e9stos. INGETECSA no se hace responsable de las informaciones comerciales contenidas en estos sitios o de cualquier servicio o pr\u00e1cticas que se vinculen o relacionen con las p\u00e1ginas web enlazadas.<\/p>\n<p><strong>Derechos de informaci\u00f3n:<\/strong><br \/>\nA efectos de lo previsto por la la Ley Org\u00e1nica de Protecci\u00f3n de Datos de car\u00e1cter personal, INGETECSA informa al usuario de la existencia de un fichero automatizado de datos de car\u00e1cter personal creado por INGETECSA y bajo su responsabilidad, con la finalidad de realizar el mantenimiento y gesti\u00f3n de la relaci\u00f3n con los solicitantes de informaci\u00f3n o usuarios que han accedido mediante formularios electr\u00f3nicos de esta web o mediante mensajes de correo electr\u00f3nico.<\/p>\n<p><strong>Finalidad:<\/strong><br \/>\nLos datos que usted facilita a INGETECSA tienen como finalidad gestionar su solicitud, facilitarle informaci\u00f3n y \/ o servicios que solicite y poder ofrecer nuevos servicios.<\/p>\n<p><strong>Consentimiento del usuario:<\/strong><br \/>\nEl env\u00edo de datos, mediante el uso de formularios electr\u00f3nicos de esta web o mensajes de correo electr\u00f3nico, supone el consentimiento del remitente al tratamiento de los datos incluidos en los medios de comunicaci\u00f3n mencionados. Los datos no ser\u00e1n cedidos a terceros. El usuario garantiza que los datos personales facilitados a INGETECSA son aut\u00e9nticos y se hace responsable de comunicar a \u00e9sta cualquier modificaci\u00f3n de los mismos. Salvo en los campos en que se indique expresamente lo contrario, la entrega de la informaci\u00f3n solicitada sobre los datos personales tendr\u00e1 el car\u00e1cter de voluntaria, sin que la negativa a facilitar dicha informaci\u00f3n implique una merma en la calidad o cantidad de los servicios que solicite. En caso de no rellenar los campos determinados como obligatorios o el hecho de llenarlos con datos incorrectos imposibilitar\u00e1 que INGETECSA pueda ofrecer los servicios que seleccione, gestionar su solicitud o enviar informaci\u00f3n solicitada.<\/p>\n<p><strong>Derechos de acceso, rectificaci\u00f3n, cancelaci\u00f3n y oposici\u00f3n:<\/strong><br \/>\nPodr\u00e1 ejercer su derecho de acceso, rectificaci\u00f3n, cancelaci\u00f3n y oposici\u00f3n al tratamiento de sus datos personales, en los\u00a0t\u00e9rminos y condiciones previstas por la propia LOPD.<\/p>\n<p>Para su comodidad, podr\u00e1 ejercer los derechos antes mencionados dirigi\u00e9ndose a:<br \/>\nIngenier\u00eda y T\u00e9cnica del Secado, S.A.<br \/>\nPol. Sector Autop\u00edsta<br \/>\nCarrer Cam\u00ed de Montmel\u00f3, 8<br \/>\n08150 Parets del Vall\u00e8s, (Barcelona) SPAIN<br \/>\nTel. +34 932 466 544<br \/>\ningetecsa@ingetecsa.com<br \/>\no bien a nuestra direcci\u00f3n de correo electr\u00f3nico: ingetecsa@ingetecsa.com<\/p>\n<p>Datos de intentificaci\u00f3n de acuerdo con la ley 34\/2002, de 11 de julio, de \u00abServicios de la Sociedad de la Informaci\u00f3n y\u00a0Comercio Electr\u00f3nico\u00bb.<br \/>\nIngenier\u00eda y T\u00e9cnica del Secado, S.A.<br \/>\nPol. Sector Autop\u00edsta<br \/>\nCarrer Cam\u00ed de Montmel\u00f3, 8<br \/>\n08150 Parets del Vall\u00e8s, (Barcelona) SPAIN<br \/>\nTel. +34 932 466 544<br \/>\ningetecsa@ingetecsa.com<br \/>\nSociedad inscrita en el Registro Mercantil de Barcelona, Tomo 31954, Folio 35, hoja B-14145<\/p>\n","protected":false},"excerpt":{"rendered":"Pol\u00edtica de Confidencialidad y Protecci\u00f3n de Datos Ingenier\u00eda y T\u00e9cnica del Secado, S.A. (en adelante INGETECSA) est\u00e1 comprometida con la debida diligencia y cumplimiento de la normativa de Protecci\u00f3n de Datos. A continuaci\u00f3n, se expone la informaci\u00f3n detallada sobre la pol\u00edtica de confidencialidad y Protecci\u00f3n de Datos de car\u00e1cter personal en cumplimiento de lo dispuesto [&hellip;]","protected":false},"author":5,"featured_media":0,"parent":0,"menu_order":0,"comment_status":"closed","ping_status":"closed","template":"templates\/template-legal-policy.php","meta":{"_acf_changed":false,"footnotes":""},"class_list":["post-10020","page","type-page","status-publish","hentry"],"acf":[],"yoast_head":"<!-- This site is optimized with the Yoast SEO plugin v27.2 - https:\/\/yoast.com\/product\/yoast-seo-wordpress\/ -->\n<title>Pol\u00edtica de privacidad y Aviso Legal - Ingetecsa<\/title>\n<meta name=\"description\" content=\"Pol\u00edtica de Confidencialidad y Protecci\u00f3n de DatosPol\u00edtica de privacidad y Aviso Legal\" \/>\n<meta name=\"robots\" content=\"noindex, nofollow\" \/>\n<meta property=\"og:locale\" content=\"es_ES\" \/>\n<meta property=\"og:type\" content=\"article\" \/>\n<meta property=\"og:title\" content=\"Pol\u00edtica de privacidad y Aviso Legal - Ingetecsa\" \/>\n<meta property=\"og:description\" content=\"Pol\u00edtica de Confidencialidad y Protecci\u00f3n de DatosPol\u00edtica de privacidad y Aviso Legal\" \/>\n<meta property=\"og:url\" content=\"https:\/\/www.ingetecsa.com\/es\/legal\/\" \/>\n<meta property=\"og:site_name\" content=\"Ingetecsa\" \/>\n<meta name=\"twitter:card\" content=\"summary_large_image\" \/>\n<meta name=\"twitter:label1\" content=\"Tiempo de lectura\" \/>\n\t<meta name=\"twitter:data1\" content=\"7 minutos\" \/>\n<script type=\"application\/ld+json\" class=\"yoast-schema-graph\">{\"@context\":\"https:\/\/schema.org\",\"@graph\":[{\"@type\":\"WebPage\",\"@id\":\"https:\/\/www.ingetecsa.com\/es\/legal\/\",\"url\":\"https:\/\/www.ingetecsa.com\/es\/legal\/\",\"name\":\"Pol\u00edtica de privacidad y Aviso Legal - Ingetecsa\",\"isPartOf\":{\"@id\":\"https:\/\/www.ingetecsa.com\/es\/#website\"},\"datePublished\":\"2020-12-14T08:07:57+00:00\",\"description\":\"Pol\u00edtica de Confidencialidad y Protecci\u00f3n de DatosPol\u00edtica de privacidad y Aviso Legal\",\"breadcrumb\":{\"@id\":\"https:\/\/www.ingetecsa.com\/es\/legal\/#breadcrumb\"},\"inLanguage\":\"es\",\"potentialAction\":[{\"@type\":\"ReadAction\",\"target\":[\"https:\/\/www.ingetecsa.com\/es\/legal\/\"]}]},{\"@type\":\"BreadcrumbList\",\"@id\":\"https:\/\/www.ingetecsa.com\/es\/legal\/#breadcrumb\",\"itemListElement\":[{\"@type\":\"ListItem\",\"position\":1,\"name\":\"Home\",\"item\":\"https:\/\/www.ingetecsa.com\/es\/\"},{\"@type\":\"ListItem\",\"position\":2,\"name\":\"Pol\u00edtica de privacidad y Aviso Legal\"}]},{\"@type\":\"WebSite\",\"@id\":\"https:\/\/www.ingetecsa.com\/es\/#website\",\"url\":\"https:\/\/www.ingetecsa.com\/es\/\",\"name\":\"Ingetecsa\",\"description\":\"\",\"publisher\":{\"@id\":\"https:\/\/www.ingetecsa.com\/es\/#organization\"},\"potentialAction\":[{\"@type\":\"SearchAction\",\"target\":{\"@type\":\"EntryPoint\",\"urlTemplate\":\"https:\/\/www.ingetecsa.com\/es\/?s={search_term_string}\"},\"query-input\":{\"@type\":\"PropertyValueSpecification\",\"valueRequired\":true,\"valueName\":\"search_term_string\"}}],\"inLanguage\":\"es\"},{\"@type\":\"Organization\",\"@id\":\"https:\/\/www.ingetecsa.com\/es\/#organization\",\"name\":\"Ingetecsa\",\"url\":\"https:\/\/www.ingetecsa.com\/es\/\",\"logo\":{\"@type\":\"ImageObject\",\"inLanguage\":\"es\",\"@id\":\"https:\/\/www.ingetecsa.com\/es\/#\/schema\/logo\/image\/\",\"url\":\"https:\/\/www.ingetecsa.com\/contenido\/subidas\/2023\/06\/small-edited-logo.png\",\"contentUrl\":\"https:\/\/www.ingetecsa.com\/contenido\/subidas\/2023\/06\/small-edited-logo.png\",\"width\":696,\"height\":89,\"caption\":\"Ingetecsa\"},\"image\":{\"@id\":\"https:\/\/www.ingetecsa.com\/es\/#\/schema\/logo\/image\/\"}}]}<\/script>\n<!-- \/ Yoast SEO plugin. -->","yoast_head_json":{"title":"Pol\u00edtica de privacidad y Aviso Legal - Ingetecsa","description":"Pol\u00edtica de Confidencialidad y Protecci\u00f3n de DatosPol\u00edtica de privacidad y Aviso Legal","robots":{"index":"noindex","follow":"nofollow"},"og_locale":"es_ES","og_type":"article","og_title":"Pol\u00edtica de privacidad y Aviso Legal - Ingetecsa","og_description":"Pol\u00edtica de Confidencialidad y Protecci\u00f3n de DatosPol\u00edtica de privacidad y Aviso Legal","og_url":"https:\/\/www.ingetecsa.com\/es\/legal\/","og_site_name":"Ingetecsa","twitter_card":"summary_large_image","twitter_misc":{"Tiempo de lectura":"7 minutos"},"schema":{"@context":"https:\/\/schema.org","@graph":[{"@type":"WebPage","@id":"https:\/\/www.ingetecsa.com\/es\/legal\/","url":"https:\/\/www.ingetecsa.com\/es\/legal\/","name":"Pol\u00edtica de privacidad y Aviso Legal - Ingetecsa","isPartOf":{"@id":"https:\/\/www.ingetecsa.com\/es\/#website"},"datePublished":"2020-12-14T08:07:57+00:00","description":"Pol\u00edtica de Confidencialidad y Protecci\u00f3n de DatosPol\u00edtica de privacidad y Aviso Legal","breadcrumb":{"@id":"https:\/\/www.ingetecsa.com\/es\/legal\/#breadcrumb"},"inLanguage":"es","potentialAction":[{"@type":"ReadAction","target":["https:\/\/www.ingetecsa.com\/es\/legal\/"]}]},{"@type":"BreadcrumbList","@id":"https:\/\/www.ingetecsa.com\/es\/legal\/#breadcrumb","itemListElement":[{"@type":"ListItem","position":1,"name":"Home","item":"https:\/\/www.ingetecsa.com\/es\/"},{"@type":"ListItem","position":2,"name":"Pol\u00edtica de privacidad y Aviso Legal"}]},{"@type":"WebSite","@id":"https:\/\/www.ingetecsa.com\/es\/#website","url":"https:\/\/www.ingetecsa.com\/es\/","name":"Ingetecsa","description":"","publisher":{"@id":"https:\/\/www.ingetecsa.com\/es\/#organization"},"potentialAction":[{"@type":"SearchAction","target":{"@type":"EntryPoint","urlTemplate":"https:\/\/www.ingetecsa.com\/es\/?s={search_term_string}"},"query-input":{"@type":"PropertyValueSpecification","valueRequired":true,"valueName":"search_term_string"}}],"inLanguage":"es"},{"@type":"Organization","@id":"https:\/\/www.ingetecsa.com\/es\/#organization","name":"Ingetecsa","url":"https:\/\/www.ingetecsa.com\/es\/","logo":{"@type":"ImageObject","inLanguage":"es","@id":"https:\/\/www.ingetecsa.com\/es\/#\/schema\/logo\/image\/","url":"https:\/\/www.ingetecsa.com\/contenido\/subidas\/2023\/06\/small-edited-logo.png","contentUrl":"https:\/\/www.ingetecsa.com\/contenido\/subidas\/2023\/06\/small-edited-logo.png","width":696,"height":89,"caption":"Ingetecsa"},"image":{"@id":"https:\/\/www.ingetecsa.com\/es\/#\/schema\/logo\/image\/"}}]}},"_links":{"self":[{"href":"https:\/\/www.ingetecsa.com\/es\/wp-json\/wp\/v2\/pages\/10020","targetHints":{"allow":["GET"]}}],"collection":[{"href":"https:\/\/www.ingetecsa.com\/es\/wp-json\/wp\/v2\/pages"}],"about":[{"href":"https:\/\/www.ingetecsa.com\/es\/wp-json\/wp\/v2\/types\/page"}],"author":[{"embeddable":true,"href":"https:\/\/www.ingetecsa.com\/es\/wp-json\/wp\/v2\/users\/5"}],"replies":[{"embeddable":true,"href":"https:\/\/www.ingetecsa.com\/es\/wp-json\/wp\/v2\/comments?post=10020"}],"version-history":[{"count":0,"href":"https:\/\/www.ingetecsa.com\/es\/wp-json\/wp\/v2\/pages\/10020\/revisions"}],"wp:attachment":[{"href":"https:\/\/www.ingetecsa.com\/es\/wp-json\/wp\/v2\/media?parent=10020"}],"curies":[{"name":"wp","href":"https:\/\/api.w.org\/{rel}","templated":true}]}}