{"id":4570,"date":"2020-09-28T11:38:07","date_gmt":"2020-09-28T10:38:07","guid":{"rendered":"https:\/\/www.ingetecsa.com\/pilot-units\/"},"modified":"2021-09-22T06:24:24","modified_gmt":"2021-09-22T04:24:24","slug":"pilot-anlagen","status":"publish","type":"page","link":"https:\/\/www.ingetecsa.com\/de\/pilot-anlagen\/","title":{"rendered":"Pilotanlagen"},"content":{"rendered":"<h2><strong>Pilotanlagen stehen zum Testen Ihrer Produkte und f\u00fcr unsere eigenen Prozessentwicklungen zur Verf\u00fcgung. Unser F&amp;E-Testzentrum und Pr\u00fcflabor hat eine g\u00fcnstige Lage nahe Barcelona. Im F&amp;E-Testzentrum haben wir einen Pool an modernen Pilotanlagen<\/strong>.<\/h2>\n<p>Unser Team aus Pr\u00fcfkollegen sind nicht nur Experten f\u00fcr Thermaltechnik, sondern auch hochqualifizierte Pr\u00fcfingenieure. Sie wissen, wie Sie Ihren Prozess zum Laufen bringen. Sie simulieren und optimieren Ihren Produktionsprozess, und sie finden die ideale Konfiguration Ihrer Prozesseinstellungen.<\/p>\n<p>Unsere Testanlagen stehen unseren Kunden zum Einsatz in ihren eigenen Betrieben zur Verf\u00fcgung. Unser Testingenieur stellt die Anlage auf und weist in ihre Bedienung ein. So haben unsere Kunden die M\u00f6glichkeit, ihre Produkte in ihrem individuellen Tempo zu testen, zu entwickeln und bei Bedarf Marktmuster zu produzieren. Oder um l\u00e4ngere Produktionschargen auszuf\u00fchren.<\/p>\n<p>In unserem Testzentrum k\u00f6nnen wir nicht alle Produkte testen. Deshalb m\u00fcssen wir schnell verderbliche, gef\u00e4hrliche oder radioaktive Produkte an einem Ort testen, der n\u00e4her beim Kunden liegt. Unsere Testanlagen lassen sich leicht zerlegen, deshalb k\u00f6nnen wir sie an jeden beliebigen Ort weltweit transportieren. Mit dem LKW, per Luftfracht oder im Seecontainer. Vor Ort angekommen, baut unser Testingenieur die Testanlage auf und f\u00fchrt die Versuche in enger Zusammenarbeit mit dem Kunden durch.<\/p>\n<p><a href=\"https:\/\/www.ingetecsa.com\/de\/kontakt\/\"><strong>Kontaktieren<\/strong><\/a> Sie uns, wenn Sie mehr dar\u00fcber erfahren m\u00f6chten, wie wir Ihnen beim Testen Ihres Produkts in unserem Testzentrum oder an Ihrem Standort helfen k\u00f6nnen.<\/p>\n\n\n<p><\/p>\n\n\n\n<p><\/p>\n","protected":false},"excerpt":{"rendered":"Pilotanlagen stehen zum Testen Ihrer Produkte und f\u00fcr unsere eigenen Prozessentwicklungen zur Verf\u00fcgung. Unser F&amp;E-Testzentrum und Pr\u00fcflabor hat eine g\u00fcnstige Lage nahe Barcelona. Im F&amp;E-Testzentrum haben wir einen Pool an modernen Pilotanlagen. Unser Team aus Pr\u00fcfkollegen sind nicht nur Experten f\u00fcr Thermaltechnik, sondern auch hochqualifizierte Pr\u00fcfingenieure. Sie wissen, wie Sie Ihren Prozess zum Laufen bringen. [&hellip;]","protected":false},"author":5,"featured_media":4572,"parent":0,"menu_order":0,"comment_status":"closed","ping_status":"closed","template":"templates\/template-generic-two.php","meta":{"_acf_changed":false,"footnotes":""},"class_list":["post-4570","page","type-page","status-publish","has-post-thumbnail","hentry"],"acf":[],"yoast_head":"<!-- This site is optimized with the Yoast SEO plugin v27.2 - https:\/\/yoast.com\/product\/yoast-seo-wordpress\/ -->\n<title>Unsere Testanlagen stehen bereit f\u00fcr Tests mit Ihrem Produkt - Ingetecsa<\/title>\n<meta name=\"description\" content=\"Unsere Testanlagen stehen bereit f\u00fcr Tests mit Ihren Produkten. In unserem F&amp;E-Testzentrum stehen viele moderne Testanlagen zur Auswahl.\" \/>\n<meta name=\"robots\" content=\"index, follow, max-snippet:-1, max-image-preview:large, max-video-preview:-1\" \/>\n<link rel=\"canonical\" href=\"https:\/\/www.ingetecsa.com\/de\/pilot-anlagen\/\" \/>\n<meta property=\"og:locale\" content=\"de_DE\" \/>\n<meta property=\"og:type\" content=\"article\" \/>\n<meta property=\"og:title\" content=\"Unsere Testanlagen stehen bereit f\u00fcr Tests mit Ihrem Produkt - Ingetecsa\" \/>\n<meta property=\"og:description\" content=\"Unsere Testanlagen stehen bereit f\u00fcr Tests mit Ihren Produkten. In unserem F&amp;E-Testzentrum stehen viele moderne Testanlagen zur Auswahl.\" \/>\n<meta property=\"og:url\" content=\"https:\/\/www.ingetecsa.com\/de\/pilot-anlagen\/\" \/>\n<meta property=\"og:site_name\" content=\"Ingetecsa\" \/>\n<meta property=\"article:modified_time\" content=\"2021-09-22T04:24:24+00:00\" \/>\n<meta property=\"og:image\" content=\"https:\/\/www.ingetecsa.com\/contenido\/subidas\/2020\/11\/pilot-banner-scaled.jpg\" \/>\n\t<meta property=\"og:image:width\" content=\"2560\" \/>\n\t<meta property=\"og:image:height\" content=\"457\" \/>\n\t<meta property=\"og:image:type\" content=\"image\/jpeg\" \/>\n<meta name=\"twitter:card\" content=\"summary_large_image\" \/>\n<meta name=\"twitter:label1\" content=\"Gesch\u00e4tzte Lesezeit\" \/>\n\t<meta name=\"twitter:data1\" content=\"1\u00a0Minute\" \/>\n<script type=\"application\/ld+json\" class=\"yoast-schema-graph\">{\"@context\":\"https:\/\/schema.org\",\"@graph\":[{\"@type\":\"WebPage\",\"@id\":\"https:\/\/www.ingetecsa.com\/de\/pilot-anlagen\/\",\"url\":\"https:\/\/www.ingetecsa.com\/de\/pilot-anlagen\/\",\"name\":\"Unsere Testanlagen stehen bereit f\u00fcr Tests mit Ihrem Produkt - Ingetecsa\",\"isPartOf\":{\"@id\":\"https:\/\/www.ingetecsa.com\/de\/#website\"},\"primaryImageOfPage\":{\"@id\":\"https:\/\/www.ingetecsa.com\/de\/pilot-anlagen\/#primaryimage\"},\"image\":{\"@id\":\"https:\/\/www.ingetecsa.com\/de\/pilot-anlagen\/#primaryimage\"},\"thumbnailUrl\":\"https:\/\/www.ingetecsa.com\/contenido\/subidas\/2020\/11\/pilot-banner-scaled.jpg\",\"datePublished\":\"2020-09-28T10:38:07+00:00\",\"dateModified\":\"2021-09-22T04:24:24+00:00\",\"description\":\"Unsere Testanlagen stehen bereit f\u00fcr Tests mit Ihren Produkten. In unserem F&E-Testzentrum stehen viele moderne Testanlagen zur Auswahl.\",\"breadcrumb\":{\"@id\":\"https:\/\/www.ingetecsa.com\/de\/pilot-anlagen\/#breadcrumb\"},\"inLanguage\":\"de\",\"potentialAction\":[{\"@type\":\"ReadAction\",\"target\":[\"https:\/\/www.ingetecsa.com\/de\/pilot-anlagen\/\"]}]},{\"@type\":\"ImageObject\",\"inLanguage\":\"de\",\"@id\":\"https:\/\/www.ingetecsa.com\/de\/pilot-anlagen\/#primaryimage\",\"url\":\"https:\/\/www.ingetecsa.com\/contenido\/subidas\/2020\/11\/pilot-banner-scaled.jpg\",\"contentUrl\":\"https:\/\/www.ingetecsa.com\/contenido\/subidas\/2020\/11\/pilot-banner-scaled.jpg\",\"width\":2560,\"height\":457},{\"@type\":\"BreadcrumbList\",\"@id\":\"https:\/\/www.ingetecsa.com\/de\/pilot-anlagen\/#breadcrumb\",\"itemListElement\":[{\"@type\":\"ListItem\",\"position\":1,\"name\":\"Home\",\"item\":\"https:\/\/www.ingetecsa.com\/de\/\"},{\"@type\":\"ListItem\",\"position\":2,\"name\":\"Pilotanlagen\"}]},{\"@type\":\"WebSite\",\"@id\":\"https:\/\/www.ingetecsa.com\/de\/#website\",\"url\":\"https:\/\/www.ingetecsa.com\/de\/\",\"name\":\"Ingetecsa\",\"description\":\"\",\"publisher\":{\"@id\":\"https:\/\/www.ingetecsa.com\/de\/#organization\"},\"potentialAction\":[{\"@type\":\"SearchAction\",\"target\":{\"@type\":\"EntryPoint\",\"urlTemplate\":\"https:\/\/www.ingetecsa.com\/de\/?s={search_term_string}\"},\"query-input\":{\"@type\":\"PropertyValueSpecification\",\"valueRequired\":true,\"valueName\":\"search_term_string\"}}],\"inLanguage\":\"de\"},{\"@type\":\"Organization\",\"@id\":\"https:\/\/www.ingetecsa.com\/de\/#organization\",\"name\":\"Ingetecsa\",\"url\":\"https:\/\/www.ingetecsa.com\/de\/\",\"logo\":{\"@type\":\"ImageObject\",\"inLanguage\":\"de\",\"@id\":\"https:\/\/www.ingetecsa.com\/de\/#\/schema\/logo\/image\/\",\"url\":\"https:\/\/www.ingetecsa.com\/contenido\/subidas\/2023\/06\/small-edited-logo.png\",\"contentUrl\":\"https:\/\/www.ingetecsa.com\/contenido\/subidas\/2023\/06\/small-edited-logo.png\",\"width\":696,\"height\":89,\"caption\":\"Ingetecsa\"},\"image\":{\"@id\":\"https:\/\/www.ingetecsa.com\/de\/#\/schema\/logo\/image\/\"}}]}<\/script>\n<!-- \/ Yoast SEO plugin. -->","yoast_head_json":{"title":"Unsere Testanlagen stehen bereit f\u00fcr Tests mit Ihrem Produkt - Ingetecsa","description":"Unsere Testanlagen stehen bereit f\u00fcr Tests mit Ihren Produkten. In unserem F&E-Testzentrum stehen viele moderne Testanlagen zur Auswahl.","robots":{"index":"index","follow":"follow","max-snippet":"max-snippet:-1","max-image-preview":"max-image-preview:large","max-video-preview":"max-video-preview:-1"},"canonical":"https:\/\/www.ingetecsa.com\/de\/pilot-anlagen\/","og_locale":"de_DE","og_type":"article","og_title":"Unsere Testanlagen stehen bereit f\u00fcr Tests mit Ihrem Produkt - Ingetecsa","og_description":"Unsere Testanlagen stehen bereit f\u00fcr Tests mit Ihren Produkten. In unserem F&E-Testzentrum stehen viele moderne Testanlagen zur Auswahl.","og_url":"https:\/\/www.ingetecsa.com\/de\/pilot-anlagen\/","og_site_name":"Ingetecsa","article_modified_time":"2021-09-22T04:24:24+00:00","og_image":[{"width":2560,"height":457,"url":"https:\/\/www.ingetecsa.com\/contenido\/subidas\/2020\/11\/pilot-banner-scaled.jpg","type":"image\/jpeg"}],"twitter_card":"summary_large_image","twitter_misc":{"Gesch\u00e4tzte Lesezeit":"1\u00a0Minute"},"schema":{"@context":"https:\/\/schema.org","@graph":[{"@type":"WebPage","@id":"https:\/\/www.ingetecsa.com\/de\/pilot-anlagen\/","url":"https:\/\/www.ingetecsa.com\/de\/pilot-anlagen\/","name":"Unsere Testanlagen stehen bereit f\u00fcr Tests mit Ihrem Produkt - Ingetecsa","isPartOf":{"@id":"https:\/\/www.ingetecsa.com\/de\/#website"},"primaryImageOfPage":{"@id":"https:\/\/www.ingetecsa.com\/de\/pilot-anlagen\/#primaryimage"},"image":{"@id":"https:\/\/www.ingetecsa.com\/de\/pilot-anlagen\/#primaryimage"},"thumbnailUrl":"https:\/\/www.ingetecsa.com\/contenido\/subidas\/2020\/11\/pilot-banner-scaled.jpg","datePublished":"2020-09-28T10:38:07+00:00","dateModified":"2021-09-22T04:24:24+00:00","description":"Unsere Testanlagen stehen bereit f\u00fcr Tests mit Ihren Produkten. In unserem F&E-Testzentrum stehen viele moderne Testanlagen zur Auswahl.","breadcrumb":{"@id":"https:\/\/www.ingetecsa.com\/de\/pilot-anlagen\/#breadcrumb"},"inLanguage":"de","potentialAction":[{"@type":"ReadAction","target":["https:\/\/www.ingetecsa.com\/de\/pilot-anlagen\/"]}]},{"@type":"ImageObject","inLanguage":"de","@id":"https:\/\/www.ingetecsa.com\/de\/pilot-anlagen\/#primaryimage","url":"https:\/\/www.ingetecsa.com\/contenido\/subidas\/2020\/11\/pilot-banner-scaled.jpg","contentUrl":"https:\/\/www.ingetecsa.com\/contenido\/subidas\/2020\/11\/pilot-banner-scaled.jpg","width":2560,"height":457},{"@type":"BreadcrumbList","@id":"https:\/\/www.ingetecsa.com\/de\/pilot-anlagen\/#breadcrumb","itemListElement":[{"@type":"ListItem","position":1,"name":"Home","item":"https:\/\/www.ingetecsa.com\/de\/"},{"@type":"ListItem","position":2,"name":"Pilotanlagen"}]},{"@type":"WebSite","@id":"https:\/\/www.ingetecsa.com\/de\/#website","url":"https:\/\/www.ingetecsa.com\/de\/","name":"Ingetecsa","description":"","publisher":{"@id":"https:\/\/www.ingetecsa.com\/de\/#organization"},"potentialAction":[{"@type":"SearchAction","target":{"@type":"EntryPoint","urlTemplate":"https:\/\/www.ingetecsa.com\/de\/?s={search_term_string}"},"query-input":{"@type":"PropertyValueSpecification","valueRequired":true,"valueName":"search_term_string"}}],"inLanguage":"de"},{"@type":"Organization","@id":"https:\/\/www.ingetecsa.com\/de\/#organization","name":"Ingetecsa","url":"https:\/\/www.ingetecsa.com\/de\/","logo":{"@type":"ImageObject","inLanguage":"de","@id":"https:\/\/www.ingetecsa.com\/de\/#\/schema\/logo\/image\/","url":"https:\/\/www.ingetecsa.com\/contenido\/subidas\/2023\/06\/small-edited-logo.png","contentUrl":"https:\/\/www.ingetecsa.com\/contenido\/subidas\/2023\/06\/small-edited-logo.png","width":696,"height":89,"caption":"Ingetecsa"},"image":{"@id":"https:\/\/www.ingetecsa.com\/de\/#\/schema\/logo\/image\/"}}]}},"_links":{"self":[{"href":"https:\/\/www.ingetecsa.com\/de\/wp-json\/wp\/v2\/pages\/4570","targetHints":{"allow":["GET"]}}],"collection":[{"href":"https:\/\/www.ingetecsa.com\/de\/wp-json\/wp\/v2\/pages"}],"about":[{"href":"https:\/\/www.ingetecsa.com\/de\/wp-json\/wp\/v2\/types\/page"}],"author":[{"embeddable":true,"href":"https:\/\/www.ingetecsa.com\/de\/wp-json\/wp\/v2\/users\/5"}],"replies":[{"embeddable":true,"href":"https:\/\/www.ingetecsa.com\/de\/wp-json\/wp\/v2\/comments?post=4570"}],"version-history":[{"count":0,"href":"https:\/\/www.ingetecsa.com\/de\/wp-json\/wp\/v2\/pages\/4570\/revisions"}],"wp:featuredmedia":[{"embeddable":true,"href":"https:\/\/www.ingetecsa.com\/de\/wp-json\/wp\/v2\/media\/4572"}],"wp:attachment":[{"href":"https:\/\/www.ingetecsa.com\/de\/wp-json\/wp\/v2\/media?parent=4570"}],"curies":[{"name":"wp","href":"https:\/\/api.w.org\/{rel}","templated":true}]}}