{"id":4506,"date":"2020-09-28T12:35:40","date_gmt":"2020-09-28T11:35:40","guid":{"rendered":"https:\/\/www.ingetecsa.com\/dryer\/"},"modified":"2025-12-31T03:22:47","modified_gmt":"2025-12-31T02:22:47","slug":"ingetecsa","status":"publish","type":"page","link":"https:\/\/www.ingetecsa.com\/de\/","title":{"rendered":"Ingetecsa contact"},"content":{"rendered":"<h1>Inge tecsa<\/h1>\n<p><a href=\"https:\/\/www.ingetecsa.com\/de\/\"><img loading=\"lazy\" decoding=\"async\" class=\"aligncenter wp-image-4610 size-full\" title=\"Logo Ingetecsa with SFD dryer\" src=\"https:\/\/www.ingetecsa.com\/contenido\/subidas\/2021\/03\/frontpage-website-1.png\" alt=\"Logo Ingetecsa with SFD dryer\" width=\"150\" height=\"149\"><\/a><a href=\"https:\/\/www.ingetecsa.es\"><img loading=\"lazy\" decoding=\"async\" class=\"alignleft wp-image-5076\" src=\"https:\/\/www.ingetecsa.com\/contenido\/subidas\/2020\/10\/download-button-white.png\" alt=\"Dowload button white\" width=\"1\" height=\"1\"><\/a><\/p>\n\n\n<p><\/p>\n","protected":false},"excerpt":{"rendered":"Inge tecsa","protected":false},"author":5,"featured_media":0,"parent":0,"menu_order":0,"comment_status":"closed","ping_status":"closed","template":"templates\/template-home.php","meta":{"_acf_changed":false,"footnotes":""},"class_list":["post-4506","page","type-page","status-publish","hentry"],"acf":[],"yoast_head":"<!-- This site is optimized with the Yoast SEO plugin v27.2 - https:\/\/yoast.com\/product\/yoast-seo-wordpress\/ -->\n<title>Ingetecsa \u2013 Industrielle Trocknungs- und Thermall\u00f6sungen<\/title>\n<meta name=\"description\" content=\"Hochleistungstrockner f\u00fcr Lebensmittel, Chemie und Mineralien. SFD, Trommeltrockner und ma\u00dfgeschneiderte thermische Systeme.\" \/>\n<meta name=\"robots\" content=\"index, follow, max-snippet:-1, max-image-preview:large, max-video-preview:-1\" \/>\n<link rel=\"canonical\" href=\"https:\/\/www.ingetecsa.com\/de\/\" \/>\n<meta property=\"og:locale\" content=\"de_DE\" \/>\n<meta property=\"og:type\" content=\"article\" \/>\n<meta property=\"og:title\" content=\"Ingetecsa \u2013 Industrielle Trocknungs- und Thermall\u00f6sungen\" \/>\n<meta property=\"og:description\" content=\"Hochleistungstrockner f\u00fcr Lebensmittel, Chemie und Mineralien. SFD, Trommeltrockner und ma\u00dfgeschneiderte thermische Systeme.\" \/>\n<meta property=\"og:url\" content=\"https:\/\/www.ingetecsa.com\/de\/\" \/>\n<meta property=\"og:site_name\" content=\"Ingetecsa\" \/>\n<meta property=\"article:modified_time\" content=\"2025-12-31T02:22:47+00:00\" \/>\n<meta name=\"twitter:card\" content=\"summary_large_image\" \/>\n<meta name=\"twitter:label1\" content=\"Gesch\u00e4tzte Lesezeit\" \/>\n\t<meta name=\"twitter:data1\" content=\"1\u00a0Minute\" \/>\n<script type=\"application\/ld+json\" class=\"yoast-schema-graph\">{\"@context\":\"https:\/\/schema.org\",\"@graph\":[{\"@type\":\"WebPage\",\"@id\":\"https:\/\/www.ingetecsa.com\/de\/\",\"url\":\"https:\/\/www.ingetecsa.com\/de\/\",\"name\":\"Ingetecsa \u2013 Industrielle Trocknungs- und Thermall\u00f6sungen\",\"isPartOf\":{\"@id\":\"https:\/\/www.ingetecsa.com\/de\/#website\"},\"primaryImageOfPage\":{\"@id\":\"https:\/\/www.ingetecsa.com\/de\/#primaryimage\"},\"image\":{\"@id\":\"https:\/\/www.ingetecsa.com\/de\/#primaryimage\"},\"thumbnailUrl\":\"https:\/\/www.ingetecsa.com\/contenido\/subidas\/2021\/03\/frontpage-website-1.png\",\"datePublished\":\"2020-09-28T11:35:40+00:00\",\"dateModified\":\"2025-12-31T02:22:47+00:00\",\"description\":\"Hochleistungstrockner f\u00fcr Lebensmittel, Chemie und Mineralien. SFD, Trommeltrockner und ma\u00dfgeschneiderte thermische Systeme.\",\"breadcrumb\":{\"@id\":\"https:\/\/www.ingetecsa.com\/de\/#breadcrumb\"},\"inLanguage\":\"de\",\"potentialAction\":[{\"@type\":\"ReadAction\",\"target\":[\"https:\/\/www.ingetecsa.com\/de\/\"]}]},{\"@type\":\"ImageObject\",\"inLanguage\":\"de\",\"@id\":\"https:\/\/www.ingetecsa.com\/de\/#primaryimage\",\"url\":\"https:\/\/www.ingetecsa.com\/contenido\/subidas\/2021\/03\/frontpage-website-1.png\",\"contentUrl\":\"https:\/\/www.ingetecsa.com\/contenido\/subidas\/2021\/03\/frontpage-website-1.png\"},{\"@type\":\"BreadcrumbList\",\"@id\":\"https:\/\/www.ingetecsa.com\/de\/#breadcrumb\",\"itemListElement\":[{\"@type\":\"ListItem\",\"position\":1,\"name\":\"Home\",\"item\":\"https:\/\/www.ingetecsa.com\/de\/\"},{\"@type\":\"ListItem\",\"position\":2,\"name\":\"Ingetecsa contact\"}]},{\"@type\":\"WebSite\",\"@id\":\"https:\/\/www.ingetecsa.com\/de\/#website\",\"url\":\"https:\/\/www.ingetecsa.com\/de\/\",\"name\":\"Ingetecsa\",\"description\":\"\",\"publisher\":{\"@id\":\"https:\/\/www.ingetecsa.com\/de\/#organization\"},\"potentialAction\":[{\"@type\":\"SearchAction\",\"target\":{\"@type\":\"EntryPoint\",\"urlTemplate\":\"https:\/\/www.ingetecsa.com\/de\/?s={search_term_string}\"},\"query-input\":{\"@type\":\"PropertyValueSpecification\",\"valueRequired\":true,\"valueName\":\"search_term_string\"}}],\"inLanguage\":\"de\"},{\"@type\":\"Organization\",\"@id\":\"https:\/\/www.ingetecsa.com\/de\/#organization\",\"name\":\"Ingetecsa\",\"url\":\"https:\/\/www.ingetecsa.com\/de\/\",\"logo\":{\"@type\":\"ImageObject\",\"inLanguage\":\"de\",\"@id\":\"https:\/\/www.ingetecsa.com\/de\/#\/schema\/logo\/image\/\",\"url\":\"https:\/\/www.ingetecsa.com\/contenido\/subidas\/2023\/06\/small-edited-logo.png\",\"contentUrl\":\"https:\/\/www.ingetecsa.com\/contenido\/subidas\/2023\/06\/small-edited-logo.png\",\"width\":696,\"height\":89,\"caption\":\"Ingetecsa\"},\"image\":{\"@id\":\"https:\/\/www.ingetecsa.com\/de\/#\/schema\/logo\/image\/\"}}]}<\/script>\n<!-- \/ Yoast SEO plugin. -->","yoast_head_json":{"title":"Ingetecsa \u2013 Industrielle Trocknungs- und Thermall\u00f6sungen","description":"Hochleistungstrockner f\u00fcr Lebensmittel, Chemie und Mineralien. SFD, Trommeltrockner und ma\u00dfgeschneiderte thermische Systeme.","robots":{"index":"index","follow":"follow","max-snippet":"max-snippet:-1","max-image-preview":"max-image-preview:large","max-video-preview":"max-video-preview:-1"},"canonical":"https:\/\/www.ingetecsa.com\/de\/","og_locale":"de_DE","og_type":"article","og_title":"Ingetecsa \u2013 Industrielle Trocknungs- und Thermall\u00f6sungen","og_description":"Hochleistungstrockner f\u00fcr Lebensmittel, Chemie und Mineralien. SFD, Trommeltrockner und ma\u00dfgeschneiderte thermische Systeme.","og_url":"https:\/\/www.ingetecsa.com\/de\/","og_site_name":"Ingetecsa","article_modified_time":"2025-12-31T02:22:47+00:00","twitter_card":"summary_large_image","twitter_misc":{"Gesch\u00e4tzte Lesezeit":"1\u00a0Minute"},"schema":{"@context":"https:\/\/schema.org","@graph":[{"@type":"WebPage","@id":"https:\/\/www.ingetecsa.com\/de\/","url":"https:\/\/www.ingetecsa.com\/de\/","name":"Ingetecsa \u2013 Industrielle Trocknungs- und Thermall\u00f6sungen","isPartOf":{"@id":"https:\/\/www.ingetecsa.com\/de\/#website"},"primaryImageOfPage":{"@id":"https:\/\/www.ingetecsa.com\/de\/#primaryimage"},"image":{"@id":"https:\/\/www.ingetecsa.com\/de\/#primaryimage"},"thumbnailUrl":"https:\/\/www.ingetecsa.com\/contenido\/subidas\/2021\/03\/frontpage-website-1.png","datePublished":"2020-09-28T11:35:40+00:00","dateModified":"2025-12-31T02:22:47+00:00","description":"Hochleistungstrockner f\u00fcr Lebensmittel, Chemie und Mineralien. SFD, Trommeltrockner und ma\u00dfgeschneiderte thermische Systeme.","breadcrumb":{"@id":"https:\/\/www.ingetecsa.com\/de\/#breadcrumb"},"inLanguage":"de","potentialAction":[{"@type":"ReadAction","target":["https:\/\/www.ingetecsa.com\/de\/"]}]},{"@type":"ImageObject","inLanguage":"de","@id":"https:\/\/www.ingetecsa.com\/de\/#primaryimage","url":"https:\/\/www.ingetecsa.com\/contenido\/subidas\/2021\/03\/frontpage-website-1.png","contentUrl":"https:\/\/www.ingetecsa.com\/contenido\/subidas\/2021\/03\/frontpage-website-1.png"},{"@type":"BreadcrumbList","@id":"https:\/\/www.ingetecsa.com\/de\/#breadcrumb","itemListElement":[{"@type":"ListItem","position":1,"name":"Home","item":"https:\/\/www.ingetecsa.com\/de\/"},{"@type":"ListItem","position":2,"name":"Ingetecsa contact"}]},{"@type":"WebSite","@id":"https:\/\/www.ingetecsa.com\/de\/#website","url":"https:\/\/www.ingetecsa.com\/de\/","name":"Ingetecsa","description":"","publisher":{"@id":"https:\/\/www.ingetecsa.com\/de\/#organization"},"potentialAction":[{"@type":"SearchAction","target":{"@type":"EntryPoint","urlTemplate":"https:\/\/www.ingetecsa.com\/de\/?s={search_term_string}"},"query-input":{"@type":"PropertyValueSpecification","valueRequired":true,"valueName":"search_term_string"}}],"inLanguage":"de"},{"@type":"Organization","@id":"https:\/\/www.ingetecsa.com\/de\/#organization","name":"Ingetecsa","url":"https:\/\/www.ingetecsa.com\/de\/","logo":{"@type":"ImageObject","inLanguage":"de","@id":"https:\/\/www.ingetecsa.com\/de\/#\/schema\/logo\/image\/","url":"https:\/\/www.ingetecsa.com\/contenido\/subidas\/2023\/06\/small-edited-logo.png","contentUrl":"https:\/\/www.ingetecsa.com\/contenido\/subidas\/2023\/06\/small-edited-logo.png","width":696,"height":89,"caption":"Ingetecsa"},"image":{"@id":"https:\/\/www.ingetecsa.com\/de\/#\/schema\/logo\/image\/"}}]}},"_links":{"self":[{"href":"https:\/\/www.ingetecsa.com\/de\/wp-json\/wp\/v2\/pages\/4506","targetHints":{"allow":["GET"]}}],"collection":[{"href":"https:\/\/www.ingetecsa.com\/de\/wp-json\/wp\/v2\/pages"}],"about":[{"href":"https:\/\/www.ingetecsa.com\/de\/wp-json\/wp\/v2\/types\/page"}],"author":[{"embeddable":true,"href":"https:\/\/www.ingetecsa.com\/de\/wp-json\/wp\/v2\/users\/5"}],"replies":[{"embeddable":true,"href":"https:\/\/www.ingetecsa.com\/de\/wp-json\/wp\/v2\/comments?post=4506"}],"version-history":[{"count":0,"href":"https:\/\/www.ingetecsa.com\/de\/wp-json\/wp\/v2\/pages\/4506\/revisions"}],"wp:attachment":[{"href":"https:\/\/www.ingetecsa.com\/de\/wp-json\/wp\/v2\/media?parent=4506"}],"curies":[{"name":"wp","href":"https:\/\/api.w.org\/{rel}","templated":true}]}}