{"id":4472,"date":"2020-10-07T12:21:33","date_gmt":"2020-10-07T11:21:33","guid":{"rendered":"https:\/\/www.ingetecsa.com\/machines\/"},"modified":"2025-12-31T00:38:43","modified_gmt":"2025-12-30T23:38:43","slug":"maschinen","status":"publish","type":"page","link":"https:\/\/www.ingetecsa.com\/de\/maschinen\/","title":{"rendered":"Maschinen"},"content":{"rendered":"<p>Wir haben eine breite Palette an Trocknungs- und K\u00fchltechnologien in unserem Programm: Trockner, K\u00fchler, unseren Mischer\/Granulator\/Reaktor. Wir entwerfen und liefern Ihren thermischen Prozess f\u00fcr die Mineral-, Lebensmittel- und Chemieindustrie.<\/p>\n<p>Zum Beispiel kann der Platz im Geb\u00e4ude knapp sein, oder eine Anlage muss einen bestimmten Grundriss haben. Wom\u00f6glich muss das Endprodukt eine bestimmte Form haben, z.\u00a0B. einen bestimmten Granulatdurchmesser oder eine bestimmte Flockengr\u00f6\u00dfe. Oder die Produktionskosten m\u00fcssen sinken. Die meisten unserer Kunden haben spezifische Anforderungen. Deshalb ist nach unserer \u00dcberzeugung die Engineering-Phase ein entscheidender Schritt.<br \/>\nWir sind stolz darauf, Ihren Anforderungen gerecht zu werden.<\/p>\n<p>Unsere Maschinen lassen sich leicht an Ihre Bed\u00fcrfnisse anpassen. Mit unserem Angebot an modernsten Trocknungs- und K\u00fchltechnologien haben wir etwas f\u00fcr jede Anwendung. Unsere Systeme sind ihrer Aufgabe gewachsen.<\/p>\n<p>Sehen Sie sich an, welche Prozessl\u00f6sungen wir anbieten k\u00f6nnen.<br \/>\nM\u00f6chten Sie mehr erfahren? Nehmen Sie einfach <a href=\"https:\/\/www.ingetecsa.com\/de\/kontakt\/\"><strong>Kontakt<\/strong><\/a> mit uns auf.<\/p>\n<p><a href=\"https:\/\/www.ingetecsa.es\"><img loading=\"lazy\" decoding=\"async\" class=\"alignright wp-image-5076\" src=\"https:\/\/www.ingetecsa.com\/contenido\/subidas\/2020\/10\/download-button-white.png\" alt=\"drying dryer cooling cooler\" width=\"1\" height=\"1\" \/><\/a><\/p>\n","protected":false},"excerpt":{"rendered":"Wir haben eine breite Palette an Trocknungs- und K\u00fchltechnologien in unserem Programm: Trockner, K\u00fchler, unseren Mischer\/Granulator\/Reaktor. Wir entwerfen und liefern Ihren thermischen Prozess f\u00fcr die Mineral-, Lebensmittel- und Chemieindustrie. Zum Beispiel kann der Platz im Geb\u00e4ude knapp sein, oder eine Anlage muss einen bestimmten Grundriss haben. Wom\u00f6glich muss das Endprodukt eine bestimmte Form haben, z.\u00a0B. [&hellip;]","protected":false},"author":5,"featured_media":4474,"parent":0,"menu_order":0,"comment_status":"closed","ping_status":"closed","template":"templates\/template-archive-machines.php","meta":{"_acf_changed":false,"footnotes":""},"class_list":["post-4472","page","type-page","status-publish","has-post-thumbnail","hentry"],"acf":[],"yoast_head":"<!-- This site is optimized with the Yoast SEO plugin v27.2 - https:\/\/yoast.com\/product\/yoast-seo-wordpress\/ -->\n<title>Industrielle Trocknungsmaschinen \u2013 SFD, Trommel &amp; mehr<\/title>\n<meta name=\"description\" content=\"Ein einzigartiges Programm aus Trocknungs- und K\u00fchltechnologien. Wir entwickeln und liefern den Prozess und die Maschinen f\u00fcr Ihre Anwendung.Trocknungstechnologie f\u00fcr anspruchsvolle Prozesse: Spiral Flash Dryer, Trommeltrockner und thermische Anlagen.\" \/>\n<meta name=\"robots\" content=\"index, follow, max-snippet:-1, max-image-preview:large, max-video-preview:-1\" \/>\n<link rel=\"canonical\" href=\"https:\/\/www.ingetecsa.com\/de\/maschinen\/\" \/>\n<meta property=\"og:locale\" content=\"de_DE\" \/>\n<meta property=\"og:type\" content=\"article\" \/>\n<meta property=\"og:title\" content=\"Industrielle Trocknungsmaschinen \u2013 SFD, Trommel &amp; mehr\" \/>\n<meta property=\"og:description\" content=\"Ein einzigartiges Programm aus Trocknungs- und K\u00fchltechnologien. Wir entwickeln und liefern den Prozess und die Maschinen f\u00fcr Ihre Anwendung.Trocknungstechnologie f\u00fcr anspruchsvolle Prozesse: Spiral Flash Dryer, Trommeltrockner und thermische Anlagen.\" \/>\n<meta property=\"og:url\" content=\"https:\/\/www.ingetecsa.com\/de\/maschinen\/\" \/>\n<meta property=\"og:site_name\" content=\"Ingetecsa\" \/>\n<meta property=\"article:modified_time\" content=\"2025-12-30T23:38:43+00:00\" \/>\n<meta property=\"og:image\" content=\"https:\/\/www.ingetecsa.com\/contenido\/subidas\/2020\/11\/machines-banner-scaled.jpg\" \/>\n\t<meta property=\"og:image:width\" content=\"2560\" \/>\n\t<meta property=\"og:image:height\" content=\"457\" \/>\n\t<meta property=\"og:image:type\" content=\"image\/jpeg\" \/>\n<meta name=\"twitter:card\" content=\"summary_large_image\" \/>\n<meta name=\"twitter:label1\" content=\"Gesch\u00e4tzte Lesezeit\" \/>\n\t<meta name=\"twitter:data1\" content=\"2\u00a0Minuten\" \/>\n<script type=\"application\/ld+json\" class=\"yoast-schema-graph\">{\"@context\":\"https:\/\/schema.org\",\"@graph\":[{\"@type\":\"WebPage\",\"@id\":\"https:\/\/www.ingetecsa.com\/de\/maschinen\/\",\"url\":\"https:\/\/www.ingetecsa.com\/de\/maschinen\/\",\"name\":\"Industrielle Trocknungsmaschinen \u2013 SFD, Trommel & mehr\",\"isPartOf\":{\"@id\":\"https:\/\/www.ingetecsa.com\/de\/#website\"},\"primaryImageOfPage\":{\"@id\":\"https:\/\/www.ingetecsa.com\/de\/maschinen\/#primaryimage\"},\"image\":{\"@id\":\"https:\/\/www.ingetecsa.com\/de\/maschinen\/#primaryimage\"},\"thumbnailUrl\":\"https:\/\/www.ingetecsa.com\/contenido\/subidas\/2020\/11\/machines-banner-scaled.jpg\",\"datePublished\":\"2020-10-07T11:21:33+00:00\",\"dateModified\":\"2025-12-30T23:38:43+00:00\",\"description\":\"Ein einzigartiges Programm aus Trocknungs- und K\u00fchltechnologien. Wir entwickeln und liefern den Prozess und die Maschinen f\u00fcr Ihre Anwendung.Trocknungstechnologie f\u00fcr anspruchsvolle Prozesse: Spiral Flash Dryer, Trommeltrockner und thermische Anlagen.\",\"breadcrumb\":{\"@id\":\"https:\/\/www.ingetecsa.com\/de\/maschinen\/#breadcrumb\"},\"inLanguage\":\"de\",\"potentialAction\":[{\"@type\":\"ReadAction\",\"target\":[\"https:\/\/www.ingetecsa.com\/de\/maschinen\/\"]}]},{\"@type\":\"ImageObject\",\"inLanguage\":\"de\",\"@id\":\"https:\/\/www.ingetecsa.com\/de\/maschinen\/#primaryimage\",\"url\":\"https:\/\/www.ingetecsa.com\/contenido\/subidas\/2020\/11\/machines-banner-scaled.jpg\",\"contentUrl\":\"https:\/\/www.ingetecsa.com\/contenido\/subidas\/2020\/11\/machines-banner-scaled.jpg\",\"width\":2560,\"height\":457},{\"@type\":\"BreadcrumbList\",\"@id\":\"https:\/\/www.ingetecsa.com\/de\/maschinen\/#breadcrumb\",\"itemListElement\":[{\"@type\":\"ListItem\",\"position\":1,\"name\":\"Home\",\"item\":\"https:\/\/www.ingetecsa.com\/de\/\"},{\"@type\":\"ListItem\",\"position\":2,\"name\":\"Maschinen\"}]},{\"@type\":\"WebSite\",\"@id\":\"https:\/\/www.ingetecsa.com\/de\/#website\",\"url\":\"https:\/\/www.ingetecsa.com\/de\/\",\"name\":\"Ingetecsa\",\"description\":\"\",\"publisher\":{\"@id\":\"https:\/\/www.ingetecsa.com\/de\/#organization\"},\"potentialAction\":[{\"@type\":\"SearchAction\",\"target\":{\"@type\":\"EntryPoint\",\"urlTemplate\":\"https:\/\/www.ingetecsa.com\/de\/?s={search_term_string}\"},\"query-input\":{\"@type\":\"PropertyValueSpecification\",\"valueRequired\":true,\"valueName\":\"search_term_string\"}}],\"inLanguage\":\"de\"},{\"@type\":\"Organization\",\"@id\":\"https:\/\/www.ingetecsa.com\/de\/#organization\",\"name\":\"Ingetecsa\",\"url\":\"https:\/\/www.ingetecsa.com\/de\/\",\"logo\":{\"@type\":\"ImageObject\",\"inLanguage\":\"de\",\"@id\":\"https:\/\/www.ingetecsa.com\/de\/#\/schema\/logo\/image\/\",\"url\":\"https:\/\/www.ingetecsa.com\/contenido\/subidas\/2023\/06\/small-edited-logo.png\",\"contentUrl\":\"https:\/\/www.ingetecsa.com\/contenido\/subidas\/2023\/06\/small-edited-logo.png\",\"width\":696,\"height\":89,\"caption\":\"Ingetecsa\"},\"image\":{\"@id\":\"https:\/\/www.ingetecsa.com\/de\/#\/schema\/logo\/image\/\"}}]}<\/script>\n<!-- \/ Yoast SEO plugin. -->","yoast_head_json":{"title":"Industrielle Trocknungsmaschinen \u2013 SFD, Trommel & mehr","description":"Ein einzigartiges Programm aus Trocknungs- und K\u00fchltechnologien. Wir entwickeln und liefern den Prozess und die Maschinen f\u00fcr Ihre Anwendung.Trocknungstechnologie f\u00fcr anspruchsvolle Prozesse: Spiral Flash Dryer, Trommeltrockner und thermische Anlagen.","robots":{"index":"index","follow":"follow","max-snippet":"max-snippet:-1","max-image-preview":"max-image-preview:large","max-video-preview":"max-video-preview:-1"},"canonical":"https:\/\/www.ingetecsa.com\/de\/maschinen\/","og_locale":"de_DE","og_type":"article","og_title":"Industrielle Trocknungsmaschinen \u2013 SFD, Trommel & mehr","og_description":"Ein einzigartiges Programm aus Trocknungs- und K\u00fchltechnologien. Wir entwickeln und liefern den Prozess und die Maschinen f\u00fcr Ihre Anwendung.Trocknungstechnologie f\u00fcr anspruchsvolle Prozesse: Spiral Flash Dryer, Trommeltrockner und thermische Anlagen.","og_url":"https:\/\/www.ingetecsa.com\/de\/maschinen\/","og_site_name":"Ingetecsa","article_modified_time":"2025-12-30T23:38:43+00:00","og_image":[{"width":2560,"height":457,"url":"https:\/\/www.ingetecsa.com\/contenido\/subidas\/2020\/11\/machines-banner-scaled.jpg","type":"image\/jpeg"}],"twitter_card":"summary_large_image","twitter_misc":{"Gesch\u00e4tzte Lesezeit":"2\u00a0Minuten"},"schema":{"@context":"https:\/\/schema.org","@graph":[{"@type":"WebPage","@id":"https:\/\/www.ingetecsa.com\/de\/maschinen\/","url":"https:\/\/www.ingetecsa.com\/de\/maschinen\/","name":"Industrielle Trocknungsmaschinen \u2013 SFD, Trommel & mehr","isPartOf":{"@id":"https:\/\/www.ingetecsa.com\/de\/#website"},"primaryImageOfPage":{"@id":"https:\/\/www.ingetecsa.com\/de\/maschinen\/#primaryimage"},"image":{"@id":"https:\/\/www.ingetecsa.com\/de\/maschinen\/#primaryimage"},"thumbnailUrl":"https:\/\/www.ingetecsa.com\/contenido\/subidas\/2020\/11\/machines-banner-scaled.jpg","datePublished":"2020-10-07T11:21:33+00:00","dateModified":"2025-12-30T23:38:43+00:00","description":"Ein einzigartiges Programm aus Trocknungs- und K\u00fchltechnologien. Wir entwickeln und liefern den Prozess und die Maschinen f\u00fcr Ihre Anwendung.Trocknungstechnologie f\u00fcr anspruchsvolle Prozesse: Spiral Flash Dryer, Trommeltrockner und thermische Anlagen.","breadcrumb":{"@id":"https:\/\/www.ingetecsa.com\/de\/maschinen\/#breadcrumb"},"inLanguage":"de","potentialAction":[{"@type":"ReadAction","target":["https:\/\/www.ingetecsa.com\/de\/maschinen\/"]}]},{"@type":"ImageObject","inLanguage":"de","@id":"https:\/\/www.ingetecsa.com\/de\/maschinen\/#primaryimage","url":"https:\/\/www.ingetecsa.com\/contenido\/subidas\/2020\/11\/machines-banner-scaled.jpg","contentUrl":"https:\/\/www.ingetecsa.com\/contenido\/subidas\/2020\/11\/machines-banner-scaled.jpg","width":2560,"height":457},{"@type":"BreadcrumbList","@id":"https:\/\/www.ingetecsa.com\/de\/maschinen\/#breadcrumb","itemListElement":[{"@type":"ListItem","position":1,"name":"Home","item":"https:\/\/www.ingetecsa.com\/de\/"},{"@type":"ListItem","position":2,"name":"Maschinen"}]},{"@type":"WebSite","@id":"https:\/\/www.ingetecsa.com\/de\/#website","url":"https:\/\/www.ingetecsa.com\/de\/","name":"Ingetecsa","description":"","publisher":{"@id":"https:\/\/www.ingetecsa.com\/de\/#organization"},"potentialAction":[{"@type":"SearchAction","target":{"@type":"EntryPoint","urlTemplate":"https:\/\/www.ingetecsa.com\/de\/?s={search_term_string}"},"query-input":{"@type":"PropertyValueSpecification","valueRequired":true,"valueName":"search_term_string"}}],"inLanguage":"de"},{"@type":"Organization","@id":"https:\/\/www.ingetecsa.com\/de\/#organization","name":"Ingetecsa","url":"https:\/\/www.ingetecsa.com\/de\/","logo":{"@type":"ImageObject","inLanguage":"de","@id":"https:\/\/www.ingetecsa.com\/de\/#\/schema\/logo\/image\/","url":"https:\/\/www.ingetecsa.com\/contenido\/subidas\/2023\/06\/small-edited-logo.png","contentUrl":"https:\/\/www.ingetecsa.com\/contenido\/subidas\/2023\/06\/small-edited-logo.png","width":696,"height":89,"caption":"Ingetecsa"},"image":{"@id":"https:\/\/www.ingetecsa.com\/de\/#\/schema\/logo\/image\/"}}]}},"_links":{"self":[{"href":"https:\/\/www.ingetecsa.com\/de\/wp-json\/wp\/v2\/pages\/4472","targetHints":{"allow":["GET"]}}],"collection":[{"href":"https:\/\/www.ingetecsa.com\/de\/wp-json\/wp\/v2\/pages"}],"about":[{"href":"https:\/\/www.ingetecsa.com\/de\/wp-json\/wp\/v2\/types\/page"}],"author":[{"embeddable":true,"href":"https:\/\/www.ingetecsa.com\/de\/wp-json\/wp\/v2\/users\/5"}],"replies":[{"embeddable":true,"href":"https:\/\/www.ingetecsa.com\/de\/wp-json\/wp\/v2\/comments?post=4472"}],"version-history":[{"count":0,"href":"https:\/\/www.ingetecsa.com\/de\/wp-json\/wp\/v2\/pages\/4472\/revisions"}],"wp:featuredmedia":[{"embeddable":true,"href":"https:\/\/www.ingetecsa.com\/de\/wp-json\/wp\/v2\/media\/4474"}],"wp:attachment":[{"href":"https:\/\/www.ingetecsa.com\/de\/wp-json\/wp\/v2\/media?parent=4472"}],"curies":[{"name":"wp","href":"https:\/\/api.w.org\/{rel}","templated":true}]}}