{"id":4308,"date":"2020-10-06T16:59:23","date_gmt":"2020-10-06T15:59:23","guid":{"rendered":"https:\/\/www.ingetecsa.com\/download-brochures\/"},"modified":"2025-09-26T09:30:52","modified_gmt":"2025-09-26T07:30:52","slug":"broschueren","status":"publish","type":"page","link":"https:\/\/www.ingetecsa.com\/de\/broschueren\/","title":{"rendered":"Brosch\u00fcren zum Download"},"content":{"rendered":"\n<h1 class=\"wp-block-heading\">F\u00fcr weitere Informationen \u00fcber unser Programm.<\/h1>\n\n\n<p class=\"ht-three max-620\">Klicken Sie unten auf die jeweilige Technologie, um die gew\u00fcnschten Brosch\u00fcren herunterzuladen. Dort finden Sie Details wie Fotos, Anwendungsinformationen und Referenzen. M\u00f6chten Sie sich zun\u00e4chst einen \u00dcberblick \u00fcber unser Programm verschaffen? Dann klicken Sie bitte <a href=\"https:\/\/www.ingetecsa.com\/de\/maschinen\/\">hier<\/a>.<\/p>\n<p>\n\n\n<figure class=\"wp-block-image size-full is-resized\"><img loading=\"lazy\" decoding=\"async\" width=\"1240\" height=\"1754\" src=\"https:\/\/www.ingetecsa.com\/contenido\/subidas\/2025\/09\/company-profile-2025-cover-1.jpg\" alt=\"\" class=\"wp-image-9534\" style=\"width:136px;height:auto\" srcset=\"https:\/\/www.ingetecsa.com\/contenido\/subidas\/2025\/09\/company-profile-2025-cover-1.jpg 1240w, https:\/\/www.ingetecsa.com\/contenido\/subidas\/2025\/09\/company-profile-2025-cover-1-212x300.jpg 212w, https:\/\/www.ingetecsa.com\/contenido\/subidas\/2025\/09\/company-profile-2025-cover-1-724x1024.jpg 724w, https:\/\/www.ingetecsa.com\/contenido\/subidas\/2025\/09\/company-profile-2025-cover-1-768x1086.jpg 768w, https:\/\/www.ingetecsa.com\/contenido\/subidas\/2025\/09\/company-profile-2025-cover-1-1086x1536.jpg 1086w, https:\/\/www.ingetecsa.com\/contenido\/subidas\/2025\/09\/company-profile-2025-cover-1-490x693.jpg 490w, https:\/\/www.ingetecsa.com\/contenido\/subidas\/2025\/09\/company-profile-2025-cover-1-980x1386.jpg 980w\" sizes=\"auto, (max-width: 1240px) 100vw, 1240px\" \/><\/figure>\n\n\n\n<p><strong>Company Portfolio (9 MB)<\/strong>\u00a0<a href=\"https:\/\/www.ingetecsa.com\/contenido\/subidas\/2025\/09\/company-profile-2025.pdf\" target=\"_blank\" rel=\"noreferrer noopener\">download<\/a><\/p>\n","protected":false},"excerpt":{"rendered":"F\u00fcr weitere Informationen \u00fcber unser Programm. Klicken Sie unten auf die jeweilige Technologie, um die gew\u00fcnschten Brosch\u00fcren herunterzuladen. Dort finden Sie Details wie Fotos, Anwendungsinformationen und Referenzen. M\u00f6chten Sie sich zun\u00e4chst einen \u00dcberblick \u00fcber unser Programm verschaffen? Dann klicken Sie bitte hier. Company Portfolio (9 MB)\u00a0download","protected":false},"author":5,"featured_media":4310,"parent":0,"menu_order":0,"comment_status":"closed","ping_status":"closed","template":"templates\/template-brochures.php","meta":{"_acf_changed":false,"footnotes":""},"class_list":["post-4308","page","type-page","status-publish","has-post-thumbnail","hentry"],"acf":[],"yoast_head":"<!-- This site is optimized with the Yoast SEO plugin v27.2 - https:\/\/yoast.com\/product\/yoast-seo-wordpress\/ -->\n<title>Brosch\u00fcren f\u00fcr mehr Infos zu unserem Programm - Ingetecsa<\/title>\n<meta name=\"description\" content=\"In unseren Brosch\u00fcren finden Sie mehr Bilder, Anwendungen, Referenzen \u2013 und was unser Trocken-, K\u00fchl- und Mischprogramm noch zu bieten hat.\" \/>\n<meta name=\"robots\" content=\"index, follow, max-snippet:-1, max-image-preview:large, max-video-preview:-1\" \/>\n<link rel=\"canonical\" href=\"https:\/\/www.ingetecsa.com\/de\/broschueren\/\" \/>\n<meta property=\"og:locale\" content=\"de_DE\" \/>\n<meta property=\"og:type\" content=\"article\" \/>\n<meta property=\"og:title\" content=\"Brosch\u00fcren f\u00fcr mehr Infos zu unserem Programm - Ingetecsa\" \/>\n<meta property=\"og:description\" content=\"In unseren Brosch\u00fcren finden Sie mehr Bilder, Anwendungen, Referenzen \u2013 und was unser Trocken-, K\u00fchl- und Mischprogramm noch zu bieten hat.\" \/>\n<meta property=\"og:url\" content=\"https:\/\/www.ingetecsa.com\/de\/broschueren\/\" \/>\n<meta property=\"og:site_name\" content=\"Ingetecsa\" \/>\n<meta property=\"article:modified_time\" content=\"2025-09-26T07:30:52+00:00\" \/>\n<meta property=\"og:image\" content=\"https:\/\/www.ingetecsa.com\/contenido\/subidas\/2021\/03\/books-library-shelves-collection-120472-2560x1080-copy.jpg\" \/>\n\t<meta property=\"og:image:width\" content=\"1404\" \/>\n\t<meta property=\"og:image:height\" content=\"249\" \/>\n\t<meta property=\"og:image:type\" content=\"image\/jpeg\" \/>\n<meta name=\"twitter:card\" content=\"summary_large_image\" \/>\n<meta name=\"twitter:label1\" content=\"Gesch\u00e4tzte Lesezeit\" \/>\n\t<meta name=\"twitter:data1\" content=\"1\u00a0Minute\" \/>\n<script type=\"application\/ld+json\" class=\"yoast-schema-graph\">{\"@context\":\"https:\/\/schema.org\",\"@graph\":[{\"@type\":\"WebPage\",\"@id\":\"https:\/\/www.ingetecsa.com\/de\/broschueren\/\",\"url\":\"https:\/\/www.ingetecsa.com\/de\/broschueren\/\",\"name\":\"Brosch\u00fcren f\u00fcr mehr Infos zu unserem Programm - Ingetecsa\",\"isPartOf\":{\"@id\":\"https:\/\/www.ingetecsa.com\/de\/#website\"},\"primaryImageOfPage\":{\"@id\":\"https:\/\/www.ingetecsa.com\/de\/broschueren\/#primaryimage\"},\"image\":{\"@id\":\"https:\/\/www.ingetecsa.com\/de\/broschueren\/#primaryimage\"},\"thumbnailUrl\":\"https:\/\/www.ingetecsa.com\/contenido\/subidas\/2021\/03\/books-library-shelves-collection-120472-2560x1080-copy.jpg\",\"datePublished\":\"2020-10-06T15:59:23+00:00\",\"dateModified\":\"2025-09-26T07:30:52+00:00\",\"description\":\"In unseren Brosch\u00fcren finden Sie mehr Bilder, Anwendungen, Referenzen \u2013 und was unser Trocken-, K\u00fchl- und Mischprogramm noch zu bieten hat.\",\"breadcrumb\":{\"@id\":\"https:\/\/www.ingetecsa.com\/de\/broschueren\/#breadcrumb\"},\"inLanguage\":\"de\",\"potentialAction\":[{\"@type\":\"ReadAction\",\"target\":[\"https:\/\/www.ingetecsa.com\/de\/broschueren\/\"]}]},{\"@type\":\"ImageObject\",\"inLanguage\":\"de\",\"@id\":\"https:\/\/www.ingetecsa.com\/de\/broschueren\/#primaryimage\",\"url\":\"https:\/\/www.ingetecsa.com\/contenido\/subidas\/2021\/03\/books-library-shelves-collection-120472-2560x1080-copy.jpg\",\"contentUrl\":\"https:\/\/www.ingetecsa.com\/contenido\/subidas\/2021\/03\/books-library-shelves-collection-120472-2560x1080-copy.jpg\",\"width\":1404,\"height\":249},{\"@type\":\"BreadcrumbList\",\"@id\":\"https:\/\/www.ingetecsa.com\/de\/broschueren\/#breadcrumb\",\"itemListElement\":[{\"@type\":\"ListItem\",\"position\":1,\"name\":\"Home\",\"item\":\"https:\/\/www.ingetecsa.com\/de\/\"},{\"@type\":\"ListItem\",\"position\":2,\"name\":\"Brosch\u00fcren zum Download\"}]},{\"@type\":\"WebSite\",\"@id\":\"https:\/\/www.ingetecsa.com\/de\/#website\",\"url\":\"https:\/\/www.ingetecsa.com\/de\/\",\"name\":\"Ingetecsa\",\"description\":\"\",\"publisher\":{\"@id\":\"https:\/\/www.ingetecsa.com\/de\/#organization\"},\"potentialAction\":[{\"@type\":\"SearchAction\",\"target\":{\"@type\":\"EntryPoint\",\"urlTemplate\":\"https:\/\/www.ingetecsa.com\/de\/?s={search_term_string}\"},\"query-input\":{\"@type\":\"PropertyValueSpecification\",\"valueRequired\":true,\"valueName\":\"search_term_string\"}}],\"inLanguage\":\"de\"},{\"@type\":\"Organization\",\"@id\":\"https:\/\/www.ingetecsa.com\/de\/#organization\",\"name\":\"Ingetecsa\",\"url\":\"https:\/\/www.ingetecsa.com\/de\/\",\"logo\":{\"@type\":\"ImageObject\",\"inLanguage\":\"de\",\"@id\":\"https:\/\/www.ingetecsa.com\/de\/#\/schema\/logo\/image\/\",\"url\":\"https:\/\/www.ingetecsa.com\/contenido\/subidas\/2023\/06\/small-edited-logo.png\",\"contentUrl\":\"https:\/\/www.ingetecsa.com\/contenido\/subidas\/2023\/06\/small-edited-logo.png\",\"width\":696,\"height\":89,\"caption\":\"Ingetecsa\"},\"image\":{\"@id\":\"https:\/\/www.ingetecsa.com\/de\/#\/schema\/logo\/image\/\"}}]}<\/script>\n<!-- \/ Yoast SEO plugin. -->","yoast_head_json":{"title":"Brosch\u00fcren f\u00fcr mehr Infos zu unserem Programm - Ingetecsa","description":"In unseren Brosch\u00fcren finden Sie mehr Bilder, Anwendungen, Referenzen \u2013 und was unser Trocken-, K\u00fchl- und Mischprogramm noch zu bieten hat.","robots":{"index":"index","follow":"follow","max-snippet":"max-snippet:-1","max-image-preview":"max-image-preview:large","max-video-preview":"max-video-preview:-1"},"canonical":"https:\/\/www.ingetecsa.com\/de\/broschueren\/","og_locale":"de_DE","og_type":"article","og_title":"Brosch\u00fcren f\u00fcr mehr Infos zu unserem Programm - Ingetecsa","og_description":"In unseren Brosch\u00fcren finden Sie mehr Bilder, Anwendungen, Referenzen \u2013 und was unser Trocken-, K\u00fchl- und Mischprogramm noch zu bieten hat.","og_url":"https:\/\/www.ingetecsa.com\/de\/broschueren\/","og_site_name":"Ingetecsa","article_modified_time":"2025-09-26T07:30:52+00:00","og_image":[{"width":1404,"height":249,"url":"https:\/\/www.ingetecsa.com\/contenido\/subidas\/2021\/03\/books-library-shelves-collection-120472-2560x1080-copy.jpg","type":"image\/jpeg"}],"twitter_card":"summary_large_image","twitter_misc":{"Gesch\u00e4tzte Lesezeit":"1\u00a0Minute"},"schema":{"@context":"https:\/\/schema.org","@graph":[{"@type":"WebPage","@id":"https:\/\/www.ingetecsa.com\/de\/broschueren\/","url":"https:\/\/www.ingetecsa.com\/de\/broschueren\/","name":"Brosch\u00fcren f\u00fcr mehr Infos zu unserem Programm - Ingetecsa","isPartOf":{"@id":"https:\/\/www.ingetecsa.com\/de\/#website"},"primaryImageOfPage":{"@id":"https:\/\/www.ingetecsa.com\/de\/broschueren\/#primaryimage"},"image":{"@id":"https:\/\/www.ingetecsa.com\/de\/broschueren\/#primaryimage"},"thumbnailUrl":"https:\/\/www.ingetecsa.com\/contenido\/subidas\/2021\/03\/books-library-shelves-collection-120472-2560x1080-copy.jpg","datePublished":"2020-10-06T15:59:23+00:00","dateModified":"2025-09-26T07:30:52+00:00","description":"In unseren Brosch\u00fcren finden Sie mehr Bilder, Anwendungen, Referenzen \u2013 und was unser Trocken-, K\u00fchl- und Mischprogramm noch zu bieten hat.","breadcrumb":{"@id":"https:\/\/www.ingetecsa.com\/de\/broschueren\/#breadcrumb"},"inLanguage":"de","potentialAction":[{"@type":"ReadAction","target":["https:\/\/www.ingetecsa.com\/de\/broschueren\/"]}]},{"@type":"ImageObject","inLanguage":"de","@id":"https:\/\/www.ingetecsa.com\/de\/broschueren\/#primaryimage","url":"https:\/\/www.ingetecsa.com\/contenido\/subidas\/2021\/03\/books-library-shelves-collection-120472-2560x1080-copy.jpg","contentUrl":"https:\/\/www.ingetecsa.com\/contenido\/subidas\/2021\/03\/books-library-shelves-collection-120472-2560x1080-copy.jpg","width":1404,"height":249},{"@type":"BreadcrumbList","@id":"https:\/\/www.ingetecsa.com\/de\/broschueren\/#breadcrumb","itemListElement":[{"@type":"ListItem","position":1,"name":"Home","item":"https:\/\/www.ingetecsa.com\/de\/"},{"@type":"ListItem","position":2,"name":"Brosch\u00fcren zum Download"}]},{"@type":"WebSite","@id":"https:\/\/www.ingetecsa.com\/de\/#website","url":"https:\/\/www.ingetecsa.com\/de\/","name":"Ingetecsa","description":"","publisher":{"@id":"https:\/\/www.ingetecsa.com\/de\/#organization"},"potentialAction":[{"@type":"SearchAction","target":{"@type":"EntryPoint","urlTemplate":"https:\/\/www.ingetecsa.com\/de\/?s={search_term_string}"},"query-input":{"@type":"PropertyValueSpecification","valueRequired":true,"valueName":"search_term_string"}}],"inLanguage":"de"},{"@type":"Organization","@id":"https:\/\/www.ingetecsa.com\/de\/#organization","name":"Ingetecsa","url":"https:\/\/www.ingetecsa.com\/de\/","logo":{"@type":"ImageObject","inLanguage":"de","@id":"https:\/\/www.ingetecsa.com\/de\/#\/schema\/logo\/image\/","url":"https:\/\/www.ingetecsa.com\/contenido\/subidas\/2023\/06\/small-edited-logo.png","contentUrl":"https:\/\/www.ingetecsa.com\/contenido\/subidas\/2023\/06\/small-edited-logo.png","width":696,"height":89,"caption":"Ingetecsa"},"image":{"@id":"https:\/\/www.ingetecsa.com\/de\/#\/schema\/logo\/image\/"}}]}},"_links":{"self":[{"href":"https:\/\/www.ingetecsa.com\/de\/wp-json\/wp\/v2\/pages\/4308","targetHints":{"allow":["GET"]}}],"collection":[{"href":"https:\/\/www.ingetecsa.com\/de\/wp-json\/wp\/v2\/pages"}],"about":[{"href":"https:\/\/www.ingetecsa.com\/de\/wp-json\/wp\/v2\/types\/page"}],"author":[{"embeddable":true,"href":"https:\/\/www.ingetecsa.com\/de\/wp-json\/wp\/v2\/users\/5"}],"replies":[{"embeddable":true,"href":"https:\/\/www.ingetecsa.com\/de\/wp-json\/wp\/v2\/comments?post=4308"}],"version-history":[{"count":0,"href":"https:\/\/www.ingetecsa.com\/de\/wp-json\/wp\/v2\/pages\/4308\/revisions"}],"wp:featuredmedia":[{"embeddable":true,"href":"https:\/\/www.ingetecsa.com\/de\/wp-json\/wp\/v2\/media\/4310"}],"wp:attachment":[{"href":"https:\/\/www.ingetecsa.com\/de\/wp-json\/wp\/v2\/media?parent=4308"}],"curies":[{"name":"wp","href":"https:\/\/api.w.org\/{rel}","templated":true}]}}